{"id":3047,"date":"2020-10-14T10:32:02","date_gmt":"2020-10-14T07:32:02","guid":{"rendered":"https:\/\/quattrosuites.gr\/stay\/"},"modified":"2025-06-24T21:09:43","modified_gmt":"2025-06-24T18:09:43","slug":"stay","status":"publish","type":"page","link":"https:\/\/quattrosuites.gr\/de\/stay\/","title":{"rendered":"Stay"},"content":{"rendered":"<p>Die Quattro Suites bieten modernen Reisenden eine vertraute und einladende Umgebung. Unser urbaner All-Suite-Komplex ist perfekt auf die Bed\u00fcrfnisse von Reisenden abgestimmt, die die Annehmlichkeiten und kleinen Luxusmomente des modernen Lebens sch\u00e4tzen.<\/p>\n<p>Unsere eleganten, minimalistischen R\u00e4ume vereinen nat\u00fcrliche Materialien wie Stein und Holz mit klaren Linien und einer harmonischen Farbpalette. Hier finden Sie Ruhe und Entspannung in einem modernen Urlaubsambiente. Jedes unserer Zimmer bietet Ihnen einen atemberaubenden Meerblick -sei es direkt oder teilweise- und einen Ausblick auf unsere \u00fcppigen G\u00e4rten sowie die weitl\u00e4ufige Umgebung.<\/p>\n<p>Durchst\u00f6bern Sie unsere Suite-Typen und finden Sie die perfekte Unterkunft f\u00fcr Ihren Aufenthalt.<\/p>\n","protected":false},"excerpt":{"rendered":"<p>Die Quattro Suites bieten modernen Reisenden eine vertraute und einladende Umgebung. Unser urbaner All-Suite-Komplex ist perfekt auf die Bed\u00fcrfnisse von Reisenden abgestimmt, die die Annehmlichkeiten und kleinen Luxusmomente des modernen Lebens sch\u00e4tzen. Unsere eleganten, minimalistischen R\u00e4ume vereinen nat\u00fcrliche Materialien wie Stein und Holz mit klaren Linien und einer harmonischen Farbpalette. Hier finden Sie Ruhe und<\/p>\n","protected":false},"author":426,"featured_media":2259,"parent":0,"menu_order":0,"comment_status":"closed","ping_status":"closed","template":"page-templates\/rooms.php","meta":{"_acf_changed":false,"footnotes":""},"class_list":["post-3047","page","type-page","status-publish","has-post-thumbnail","hentry"],"acf":[],"yoast_head":"<!-- This site is optimized with the Yoast SEO plugin v26.8 - https:\/\/yoast.com\/product\/yoast-seo-wordpress\/ -->\n<title>Stay - Quattro Suites<\/title>\n<meta name=\"robots\" content=\"index, follow, max-snippet:-1, max-image-preview:large, max-video-preview:-1\" \/>\n<link rel=\"canonical\" href=\"https:\/\/quattrosuites.gr\/de\/stay\/\" \/>\n<meta property=\"og:locale\" content=\"de_DE\" \/>\n<meta property=\"og:type\" content=\"article\" \/>\n<meta property=\"og:title\" content=\"Stay - Quattro Suites\" \/>\n<meta property=\"og:description\" content=\"Die Quattro Suites bieten modernen Reisenden eine vertraute und einladende Umgebung. Unser urbaner All-Suite-Komplex ist perfekt auf die Bed\u00fcrfnisse von Reisenden abgestimmt, die die Annehmlichkeiten und kleinen Luxusmomente des modernen Lebens sch\u00e4tzen. Unsere eleganten, minimalistischen R\u00e4ume vereinen nat\u00fcrliche Materialien wie Stein und Holz mit klaren Linien und einer harmonischen Farbpalette. Hier finden Sie Ruhe und\" \/>\n<meta property=\"og:url\" content=\"https:\/\/quattrosuites.gr\/de\/stay\/\" \/>\n<meta property=\"og:site_name\" content=\"Quattro Suites\" \/>\n<meta property=\"article:modified_time\" content=\"2025-06-24T18:09:43+00:00\" \/>\n<meta property=\"og:image\" content=\"https:\/\/quattrosuites.gr\/wp-content\/uploads\/2023\/04\/1153-\u03c6\u03c9\u03c4\u03bf\u03b3\u03c1\u03ac\u03c6\u03b9\u03c3\u03b7-\u03be\u03b5\u03bd\u03bf\u03b4\u03bf\u03c7\u03b5\u03af\u03bf\u03c5-\u03bc\u03bf\u03bd\u03b5\u03bc\u03b2\u03b1\u03c3\u03b9\u03ac-quattro-scaled.jpg\" \/>\n\t<meta property=\"og:image:width\" content=\"2560\" \/>\n\t<meta property=\"og:image:height\" content=\"1707\" \/>\n\t<meta property=\"og:image:type\" content=\"image\/jpeg\" \/>\n<meta name=\"twitter:card\" content=\"summary_large_image\" \/>\n<meta name=\"twitter:label1\" content=\"Gesch\u00e4tzte Lesezeit\" \/>\n\t<meta name=\"twitter:data1\" content=\"1\u00a0Minute\" \/>\n<script type=\"application\/ld+json\" class=\"yoast-schema-graph\">{\"@context\":\"https:\/\/schema.org\",\"@graph\":[{\"@type\":\"WebPage\",\"@id\":\"https:\/\/quattrosuites.gr\/de\/stay\/\",\"url\":\"https:\/\/quattrosuites.gr\/de\/stay\/\",\"name\":\"Stay - Quattro Suites\",\"isPartOf\":{\"@id\":\"https:\/\/quattrosuites.gr\/#website\"},\"primaryImageOfPage\":{\"@id\":\"https:\/\/quattrosuites.gr\/de\/stay\/#primaryimage\"},\"image\":{\"@id\":\"https:\/\/quattrosuites.gr\/de\/stay\/#primaryimage\"},\"thumbnailUrl\":\"https:\/\/quattrosuites.gr\/wp-content\/uploads\/2023\/04\/1153-\u03c6\u03c9\u03c4\u03bf\u03b3\u03c1\u03ac\u03c6\u03b9\u03c3\u03b7-\u03be\u03b5\u03bd\u03bf\u03b4\u03bf\u03c7\u03b5\u03af\u03bf\u03c5-\u03bc\u03bf\u03bd\u03b5\u03bc\u03b2\u03b1\u03c3\u03b9\u03ac-quattro-scaled.jpg\",\"datePublished\":\"2020-10-14T07:32:02+00:00\",\"dateModified\":\"2025-06-24T18:09:43+00:00\",\"breadcrumb\":{\"@id\":\"https:\/\/quattrosuites.gr\/de\/stay\/#breadcrumb\"},\"inLanguage\":\"de\",\"potentialAction\":[{\"@type\":\"ReadAction\",\"target\":[\"https:\/\/quattrosuites.gr\/de\/stay\/\"]}]},{\"@type\":\"ImageObject\",\"inLanguage\":\"de\",\"@id\":\"https:\/\/quattrosuites.gr\/de\/stay\/#primaryimage\",\"url\":\"https:\/\/quattrosuites.gr\/wp-content\/uploads\/2023\/04\/1153-\u03c6\u03c9\u03c4\u03bf\u03b3\u03c1\u03ac\u03c6\u03b9\u03c3\u03b7-\u03be\u03b5\u03bd\u03bf\u03b4\u03bf\u03c7\u03b5\u03af\u03bf\u03c5-\u03bc\u03bf\u03bd\u03b5\u03bc\u03b2\u03b1\u03c3\u03b9\u03ac-quattro-scaled.jpg\",\"contentUrl\":\"https:\/\/quattrosuites.gr\/wp-content\/uploads\/2023\/04\/1153-\u03c6\u03c9\u03c4\u03bf\u03b3\u03c1\u03ac\u03c6\u03b9\u03c3\u03b7-\u03be\u03b5\u03bd\u03bf\u03b4\u03bf\u03c7\u03b5\u03af\u03bf\u03c5-\u03bc\u03bf\u03bd\u03b5\u03bc\u03b2\u03b1\u03c3\u03b9\u03ac-quattro-scaled.jpg\",\"width\":2560,\"height\":1707,\"caption\":\"The sleek outdoors of Quattro Suites property in Monemvasia.\"},{\"@type\":\"BreadcrumbList\",\"@id\":\"https:\/\/quattrosuites.gr\/de\/stay\/#breadcrumb\",\"itemListElement\":[{\"@type\":\"ListItem\",\"position\":1,\"name\":\"Home\",\"item\":\"https:\/\/quattrosuites.gr\/de\/\"},{\"@type\":\"ListItem\",\"position\":2,\"name\":\"Stay\"}]},{\"@type\":\"WebSite\",\"@id\":\"https:\/\/quattrosuites.gr\/#website\",\"url\":\"https:\/\/quattrosuites.gr\/\",\"name\":\"Quattro Suites\",\"description\":\"\",\"publisher\":{\"@id\":\"https:\/\/quattrosuites.gr\/#organization\"},\"potentialAction\":[{\"@type\":\"SearchAction\",\"target\":{\"@type\":\"EntryPoint\",\"urlTemplate\":\"https:\/\/quattrosuites.gr\/?s={search_term_string}\"},\"query-input\":{\"@type\":\"PropertyValueSpecification\",\"valueRequired\":true,\"valueName\":\"search_term_string\"}}],\"inLanguage\":\"de\"},{\"@type\":\"Organization\",\"@id\":\"https:\/\/quattrosuites.gr\/#organization\",\"name\":\"Quattro Suites\",\"url\":\"https:\/\/quattrosuites.gr\/\",\"logo\":{\"@type\":\"ImageObject\",\"inLanguage\":\"de\",\"@id\":\"https:\/\/quattrosuites.gr\/#\/schema\/logo\/image\/\",\"url\":\"https:\/\/quattrosuites.gr\/app\/uploads\/sites\/128\/2024\/10\/logo-opengraph-svg.png\",\"contentUrl\":\"https:\/\/quattrosuites.gr\/app\/uploads\/sites\/128\/2024\/10\/logo-opengraph-svg.png\",\"width\":173,\"height\":100,\"caption\":\"Quattro Suites\"},\"image\":{\"@id\":\"https:\/\/quattrosuites.gr\/#\/schema\/logo\/image\/\"}}]}<\/script>\n<!-- \/ Yoast SEO plugin. -->","yoast_head_json":{"title":"Stay - Quattro Suites","robots":{"index":"index","follow":"follow","max-snippet":"max-snippet:-1","max-image-preview":"max-image-preview:large","max-video-preview":"max-video-preview:-1"},"canonical":"https:\/\/quattrosuites.gr\/de\/stay\/","og_locale":"de_DE","og_type":"article","og_title":"Stay - Quattro Suites","og_description":"Die Quattro Suites bieten modernen Reisenden eine vertraute und einladende Umgebung. Unser urbaner All-Suite-Komplex ist perfekt auf die Bed\u00fcrfnisse von Reisenden abgestimmt, die die Annehmlichkeiten und kleinen Luxusmomente des modernen Lebens sch\u00e4tzen. Unsere eleganten, minimalistischen R\u00e4ume vereinen nat\u00fcrliche Materialien wie Stein und Holz mit klaren Linien und einer harmonischen Farbpalette. Hier finden Sie Ruhe und","og_url":"https:\/\/quattrosuites.gr\/de\/stay\/","og_site_name":"Quattro Suites","article_modified_time":"2025-06-24T18:09:43+00:00","og_image":[{"width":2560,"height":1707,"url":"https:\/\/quattrosuites.gr\/wp-content\/uploads\/2023\/04\/1153-\u03c6\u03c9\u03c4\u03bf\u03b3\u03c1\u03ac\u03c6\u03b9\u03c3\u03b7-\u03be\u03b5\u03bd\u03bf\u03b4\u03bf\u03c7\u03b5\u03af\u03bf\u03c5-\u03bc\u03bf\u03bd\u03b5\u03bc\u03b2\u03b1\u03c3\u03b9\u03ac-quattro-scaled.jpg","type":"image\/jpeg"}],"twitter_card":"summary_large_image","twitter_misc":{"Gesch\u00e4tzte Lesezeit":"1\u00a0Minute"},"schema":{"@context":"https:\/\/schema.org","@graph":[{"@type":"WebPage","@id":"https:\/\/quattrosuites.gr\/de\/stay\/","url":"https:\/\/quattrosuites.gr\/de\/stay\/","name":"Stay - Quattro Suites","isPartOf":{"@id":"https:\/\/quattrosuites.gr\/#website"},"primaryImageOfPage":{"@id":"https:\/\/quattrosuites.gr\/de\/stay\/#primaryimage"},"image":{"@id":"https:\/\/quattrosuites.gr\/de\/stay\/#primaryimage"},"thumbnailUrl":"https:\/\/quattrosuites.gr\/wp-content\/uploads\/2023\/04\/1153-\u03c6\u03c9\u03c4\u03bf\u03b3\u03c1\u03ac\u03c6\u03b9\u03c3\u03b7-\u03be\u03b5\u03bd\u03bf\u03b4\u03bf\u03c7\u03b5\u03af\u03bf\u03c5-\u03bc\u03bf\u03bd\u03b5\u03bc\u03b2\u03b1\u03c3\u03b9\u03ac-quattro-scaled.jpg","datePublished":"2020-10-14T07:32:02+00:00","dateModified":"2025-06-24T18:09:43+00:00","breadcrumb":{"@id":"https:\/\/quattrosuites.gr\/de\/stay\/#breadcrumb"},"inLanguage":"de","potentialAction":[{"@type":"ReadAction","target":["https:\/\/quattrosuites.gr\/de\/stay\/"]}]},{"@type":"ImageObject","inLanguage":"de","@id":"https:\/\/quattrosuites.gr\/de\/stay\/#primaryimage","url":"https:\/\/quattrosuites.gr\/wp-content\/uploads\/2023\/04\/1153-\u03c6\u03c9\u03c4\u03bf\u03b3\u03c1\u03ac\u03c6\u03b9\u03c3\u03b7-\u03be\u03b5\u03bd\u03bf\u03b4\u03bf\u03c7\u03b5\u03af\u03bf\u03c5-\u03bc\u03bf\u03bd\u03b5\u03bc\u03b2\u03b1\u03c3\u03b9\u03ac-quattro-scaled.jpg","contentUrl":"https:\/\/quattrosuites.gr\/wp-content\/uploads\/2023\/04\/1153-\u03c6\u03c9\u03c4\u03bf\u03b3\u03c1\u03ac\u03c6\u03b9\u03c3\u03b7-\u03be\u03b5\u03bd\u03bf\u03b4\u03bf\u03c7\u03b5\u03af\u03bf\u03c5-\u03bc\u03bf\u03bd\u03b5\u03bc\u03b2\u03b1\u03c3\u03b9\u03ac-quattro-scaled.jpg","width":2560,"height":1707,"caption":"The sleek outdoors of Quattro Suites property in Monemvasia."},{"@type":"BreadcrumbList","@id":"https:\/\/quattrosuites.gr\/de\/stay\/#breadcrumb","itemListElement":[{"@type":"ListItem","position":1,"name":"Home","item":"https:\/\/quattrosuites.gr\/de\/"},{"@type":"ListItem","position":2,"name":"Stay"}]},{"@type":"WebSite","@id":"https:\/\/quattrosuites.gr\/#website","url":"https:\/\/quattrosuites.gr\/","name":"Quattro Suites","description":"","publisher":{"@id":"https:\/\/quattrosuites.gr\/#organization"},"potentialAction":[{"@type":"SearchAction","target":{"@type":"EntryPoint","urlTemplate":"https:\/\/quattrosuites.gr\/?s={search_term_string}"},"query-input":{"@type":"PropertyValueSpecification","valueRequired":true,"valueName":"search_term_string"}}],"inLanguage":"de"},{"@type":"Organization","@id":"https:\/\/quattrosuites.gr\/#organization","name":"Quattro Suites","url":"https:\/\/quattrosuites.gr\/","logo":{"@type":"ImageObject","inLanguage":"de","@id":"https:\/\/quattrosuites.gr\/#\/schema\/logo\/image\/","url":"https:\/\/quattrosuites.gr\/app\/uploads\/sites\/128\/2024\/10\/logo-opengraph-svg.png","contentUrl":"https:\/\/quattrosuites.gr\/app\/uploads\/sites\/128\/2024\/10\/logo-opengraph-svg.png","width":173,"height":100,"caption":"Quattro Suites"},"image":{"@id":"https:\/\/quattrosuites.gr\/#\/schema\/logo\/image\/"}}]}},"_links":{"self":[{"href":"https:\/\/quattrosuites.gr\/de\/wp-json\/wp\/v2\/pages\/3047","targetHints":{"allow":["GET"]}}],"collection":[{"href":"https:\/\/quattrosuites.gr\/de\/wp-json\/wp\/v2\/pages"}],"about":[{"href":"https:\/\/quattrosuites.gr\/de\/wp-json\/wp\/v2\/types\/page"}],"author":[{"embeddable":true,"href":"https:\/\/quattrosuites.gr\/de\/wp-json\/wp\/v2\/users\/426"}],"replies":[{"embeddable":true,"href":"https:\/\/quattrosuites.gr\/de\/wp-json\/wp\/v2\/comments?post=3047"}],"version-history":[{"count":1,"href":"https:\/\/quattrosuites.gr\/de\/wp-json\/wp\/v2\/pages\/3047\/revisions"}],"predecessor-version":[{"id":3048,"href":"https:\/\/quattrosuites.gr\/de\/wp-json\/wp\/v2\/pages\/3047\/revisions\/3048"}],"wp:featuredmedia":[{"embeddable":true,"href":"https:\/\/quattrosuites.gr\/de\/wp-json\/wp\/v2\/media\/2259"}],"wp:attachment":[{"href":"https:\/\/quattrosuites.gr\/de\/wp-json\/wp\/v2\/media?parent=3047"}],"curies":[{"name":"wp","href":"https:\/\/api.w.org\/{rel}","templated":true}]}}