{"id":3075,"date":"2020-10-14T10:32:03","date_gmt":"2020-10-14T07:32:03","guid":{"rendered":"https:\/\/quattrosuites.gr\/about-us\/"},"modified":"2025-06-28T13:18:55","modified_gmt":"2025-06-28T10:18:55","slug":"about-us","status":"publish","type":"page","link":"https:\/\/quattrosuites.gr\/de\/about-us\/","title":{"rendered":"\u00dcber uns"},"content":{"rendered":"<p style=\"text-align: center;\">Quattro Suites richtet sich an moderne Reisende, die in Monemvasia ein einzigartiges Aufenthaltserlebnis suchen, gepr\u00e4gt von zeitgem\u00e4\u00dfem Komfort und minimalistischer Gestaltung, erg\u00e4nzt durch einen Hauch von urbanem Boho-Chic. Quattro Suites ist ein Hotelkomplex mit insgesamt 28 Suiten, verteilt auf 4 stilvolle Geb\u00e4ude in einer gepflegten Anlage im Bereich von Xifias in Monemvasia.<\/p>\n<p style=\"text-align: center;\">Die Aussichten hier sind sensationell, mit endlosen Meerblicken und dem Monemvasia-Felsen im Hintergrund. Die Unterkunft liegt 6 km von dem legend\u00e4ren Monemvasia-Felsen und der mittelalterlichen Festungsstadt entfernt, 800 m vom Strand Ambelakia und bietet einen urbanen R\u00fcckzugsort, der elegante Linien mit einem minimalistischen, boho-chic Stil verbindet. Die R\u00e4umlichkeiten bestehen aus hochwertigen, modernen Elementen, die mit nat\u00fcrlichen Materialien wie Stein und Holz kombiniert sind, um eine beruhigende Variation des urbanen minimalistischen Boho-Designs auszustrahlen.<\/p>\n<p style=\"text-align: center;\">Die Einrichtungen umfassen ein Buffet und ein \u00c0-la-carte-Fr\u00fchst\u00fcck, einen Salzwasser-Swimmingpool, eine durchgehende Speisen- und Getr\u00e4nkekarte sowie einen reizvollen Garten, der das Grundst\u00fcck umgibt. In unmittelbarer N\u00e4he finden Sie ein hochwertiges Restaurant, das zu Fu\u00df vom Quattro Suites erreichbar ist, sowie eine Vielzahl weiterer Restaurants im Umkreis von 2 bis 7 km.<\/p>\n","protected":false},"excerpt":{"rendered":"<p>Quattro Suites richtet sich an moderne Reisende, die in Monemvasia ein einzigartiges Aufenthaltserlebnis suchen, gepr\u00e4gt von zeitgem\u00e4\u00dfem Komfort und minimalistischer Gestaltung, erg\u00e4nzt durch einen Hauch von urbanem Boho-Chic. Quattro Suites ist ein Hotelkomplex mit insgesamt 28 Suiten, verteilt auf 4 stilvolle Geb\u00e4ude in einer gepflegten Anlage im Bereich von Xifias in Monemvasia. Die Aussichten hier<\/p>\n","protected":false},"author":426,"featured_media":0,"parent":0,"menu_order":0,"comment_status":"closed","ping_status":"closed","template":"","meta":{"_acf_changed":false,"footnotes":""},"class_list":["post-3075","page","type-page","status-publish","hentry"],"acf":[],"yoast_head":"<!-- This site is optimized with the Yoast SEO plugin v26.8 - https:\/\/yoast.com\/product\/yoast-seo-wordpress\/ -->\n<title>\u00dcber uns - Quattro Suites<\/title>\n<meta name=\"robots\" content=\"index, follow, max-snippet:-1, max-image-preview:large, max-video-preview:-1\" \/>\n<link rel=\"canonical\" href=\"https:\/\/quattrosuites.gr\/de\/about-us\/\" \/>\n<meta property=\"og:locale\" content=\"de_DE\" \/>\n<meta property=\"og:type\" content=\"article\" \/>\n<meta property=\"og:title\" content=\"\u00dcber uns - Quattro Suites\" \/>\n<meta property=\"og:description\" content=\"Quattro Suites richtet sich an moderne Reisende, die in Monemvasia ein einzigartiges Aufenthaltserlebnis suchen, gepr\u00e4gt von zeitgem\u00e4\u00dfem Komfort und minimalistischer Gestaltung, erg\u00e4nzt durch einen Hauch von urbanem Boho-Chic. Quattro Suites ist ein Hotelkomplex mit insgesamt 28 Suiten, verteilt auf 4 stilvolle Geb\u00e4ude in einer gepflegten Anlage im Bereich von Xifias in Monemvasia. Die Aussichten hier\" \/>\n<meta property=\"og:url\" content=\"https:\/\/quattrosuites.gr\/de\/about-us\/\" \/>\n<meta property=\"og:site_name\" content=\"Quattro Suites\" \/>\n<meta property=\"article:modified_time\" content=\"2025-06-28T10:18:55+00:00\" \/>\n<meta name=\"twitter:card\" content=\"summary_large_image\" \/>\n<meta name=\"twitter:label1\" content=\"Gesch\u00e4tzte Lesezeit\" \/>\n\t<meta name=\"twitter:data1\" content=\"1\u00a0Minute\" \/>\n<script type=\"application\/ld+json\" class=\"yoast-schema-graph\">{\"@context\":\"https:\/\/schema.org\",\"@graph\":[{\"@type\":\"WebPage\",\"@id\":\"https:\/\/quattrosuites.gr\/de\/about-us\/\",\"url\":\"https:\/\/quattrosuites.gr\/de\/about-us\/\",\"name\":\"\u00dcber uns - Quattro Suites\",\"isPartOf\":{\"@id\":\"https:\/\/quattrosuites.gr\/#website\"},\"datePublished\":\"2020-10-14T07:32:03+00:00\",\"dateModified\":\"2025-06-28T10:18:55+00:00\",\"breadcrumb\":{\"@id\":\"https:\/\/quattrosuites.gr\/de\/about-us\/#breadcrumb\"},\"inLanguage\":\"de\",\"potentialAction\":[{\"@type\":\"ReadAction\",\"target\":[\"https:\/\/quattrosuites.gr\/de\/about-us\/\"]}]},{\"@type\":\"BreadcrumbList\",\"@id\":\"https:\/\/quattrosuites.gr\/de\/about-us\/#breadcrumb\",\"itemListElement\":[{\"@type\":\"ListItem\",\"position\":1,\"name\":\"Home\",\"item\":\"https:\/\/quattrosuites.gr\/de\/\"},{\"@type\":\"ListItem\",\"position\":2,\"name\":\"\u00dcber uns\"}]},{\"@type\":\"WebSite\",\"@id\":\"https:\/\/quattrosuites.gr\/#website\",\"url\":\"https:\/\/quattrosuites.gr\/\",\"name\":\"Quattro Suites\",\"description\":\"\",\"publisher\":{\"@id\":\"https:\/\/quattrosuites.gr\/#organization\"},\"potentialAction\":[{\"@type\":\"SearchAction\",\"target\":{\"@type\":\"EntryPoint\",\"urlTemplate\":\"https:\/\/quattrosuites.gr\/?s={search_term_string}\"},\"query-input\":{\"@type\":\"PropertyValueSpecification\",\"valueRequired\":true,\"valueName\":\"search_term_string\"}}],\"inLanguage\":\"de\"},{\"@type\":\"Organization\",\"@id\":\"https:\/\/quattrosuites.gr\/#organization\",\"name\":\"Quattro Suites\",\"url\":\"https:\/\/quattrosuites.gr\/\",\"logo\":{\"@type\":\"ImageObject\",\"inLanguage\":\"de\",\"@id\":\"https:\/\/quattrosuites.gr\/#\/schema\/logo\/image\/\",\"url\":\"https:\/\/quattrosuites.gr\/app\/uploads\/sites\/128\/2024\/10\/logo-opengraph-svg.png\",\"contentUrl\":\"https:\/\/quattrosuites.gr\/app\/uploads\/sites\/128\/2024\/10\/logo-opengraph-svg.png\",\"width\":173,\"height\":100,\"caption\":\"Quattro Suites\"},\"image\":{\"@id\":\"https:\/\/quattrosuites.gr\/#\/schema\/logo\/image\/\"}}]}<\/script>\n<!-- \/ Yoast SEO plugin. -->","yoast_head_json":{"title":"\u00dcber uns - Quattro Suites","robots":{"index":"index","follow":"follow","max-snippet":"max-snippet:-1","max-image-preview":"max-image-preview:large","max-video-preview":"max-video-preview:-1"},"canonical":"https:\/\/quattrosuites.gr\/de\/about-us\/","og_locale":"de_DE","og_type":"article","og_title":"\u00dcber uns - Quattro Suites","og_description":"Quattro Suites richtet sich an moderne Reisende, die in Monemvasia ein einzigartiges Aufenthaltserlebnis suchen, gepr\u00e4gt von zeitgem\u00e4\u00dfem Komfort und minimalistischer Gestaltung, erg\u00e4nzt durch einen Hauch von urbanem Boho-Chic. Quattro Suites ist ein Hotelkomplex mit insgesamt 28 Suiten, verteilt auf 4 stilvolle Geb\u00e4ude in einer gepflegten Anlage im Bereich von Xifias in Monemvasia. Die Aussichten hier","og_url":"https:\/\/quattrosuites.gr\/de\/about-us\/","og_site_name":"Quattro Suites","article_modified_time":"2025-06-28T10:18:55+00:00","twitter_card":"summary_large_image","twitter_misc":{"Gesch\u00e4tzte Lesezeit":"1\u00a0Minute"},"schema":{"@context":"https:\/\/schema.org","@graph":[{"@type":"WebPage","@id":"https:\/\/quattrosuites.gr\/de\/about-us\/","url":"https:\/\/quattrosuites.gr\/de\/about-us\/","name":"\u00dcber uns - Quattro Suites","isPartOf":{"@id":"https:\/\/quattrosuites.gr\/#website"},"datePublished":"2020-10-14T07:32:03+00:00","dateModified":"2025-06-28T10:18:55+00:00","breadcrumb":{"@id":"https:\/\/quattrosuites.gr\/de\/about-us\/#breadcrumb"},"inLanguage":"de","potentialAction":[{"@type":"ReadAction","target":["https:\/\/quattrosuites.gr\/de\/about-us\/"]}]},{"@type":"BreadcrumbList","@id":"https:\/\/quattrosuites.gr\/de\/about-us\/#breadcrumb","itemListElement":[{"@type":"ListItem","position":1,"name":"Home","item":"https:\/\/quattrosuites.gr\/de\/"},{"@type":"ListItem","position":2,"name":"\u00dcber uns"}]},{"@type":"WebSite","@id":"https:\/\/quattrosuites.gr\/#website","url":"https:\/\/quattrosuites.gr\/","name":"Quattro Suites","description":"","publisher":{"@id":"https:\/\/quattrosuites.gr\/#organization"},"potentialAction":[{"@type":"SearchAction","target":{"@type":"EntryPoint","urlTemplate":"https:\/\/quattrosuites.gr\/?s={search_term_string}"},"query-input":{"@type":"PropertyValueSpecification","valueRequired":true,"valueName":"search_term_string"}}],"inLanguage":"de"},{"@type":"Organization","@id":"https:\/\/quattrosuites.gr\/#organization","name":"Quattro Suites","url":"https:\/\/quattrosuites.gr\/","logo":{"@type":"ImageObject","inLanguage":"de","@id":"https:\/\/quattrosuites.gr\/#\/schema\/logo\/image\/","url":"https:\/\/quattrosuites.gr\/app\/uploads\/sites\/128\/2024\/10\/logo-opengraph-svg.png","contentUrl":"https:\/\/quattrosuites.gr\/app\/uploads\/sites\/128\/2024\/10\/logo-opengraph-svg.png","width":173,"height":100,"caption":"Quattro Suites"},"image":{"@id":"https:\/\/quattrosuites.gr\/#\/schema\/logo\/image\/"}}]}},"_links":{"self":[{"href":"https:\/\/quattrosuites.gr\/de\/wp-json\/wp\/v2\/pages\/3075","targetHints":{"allow":["GET"]}}],"collection":[{"href":"https:\/\/quattrosuites.gr\/de\/wp-json\/wp\/v2\/pages"}],"about":[{"href":"https:\/\/quattrosuites.gr\/de\/wp-json\/wp\/v2\/types\/page"}],"author":[{"embeddable":true,"href":"https:\/\/quattrosuites.gr\/de\/wp-json\/wp\/v2\/users\/426"}],"replies":[{"embeddable":true,"href":"https:\/\/quattrosuites.gr\/de\/wp-json\/wp\/v2\/comments?post=3075"}],"version-history":[{"count":1,"href":"https:\/\/quattrosuites.gr\/de\/wp-json\/wp\/v2\/pages\/3075\/revisions"}],"predecessor-version":[{"id":3076,"href":"https:\/\/quattrosuites.gr\/de\/wp-json\/wp\/v2\/pages\/3075\/revisions\/3076"}],"wp:attachment":[{"href":"https:\/\/quattrosuites.gr\/de\/wp-json\/wp\/v2\/media?parent=3075"}],"curies":[{"name":"wp","href":"https:\/\/api.w.org\/{rel}","templated":true}]}}