{"id":3080,"date":"2020-10-14T10:32:03","date_gmt":"2020-10-14T07:32:03","guid":{"rendered":"https:\/\/quattrosuites.gr\/experiences\/"},"modified":"2025-06-28T13:21:39","modified_gmt":"2025-06-28T10:21:39","slug":"experiences","status":"publish","type":"page","link":"https:\/\/quattrosuites.gr\/de\/experiences\/","title":{"rendered":"Erlebnisse"},"content":{"rendered":"<p>Die Einrichtungen der Quattro Suites bieten die einfachen Luxusmomente eines unbeschwerten Urlaubs. Die Anlage und ihre R\u00e4umlichkeiten sind darauf ausgelegt, dem modernen Reisenden alles zu bieten, was er f\u00fcr einen entspannten Aufenthalt ben\u00f6tigt. Genie\u00dfen Sie hier ein k\u00f6stliches Fr\u00fchst\u00fccksbuffet mit zus\u00e4tzlichen \u00c0-la-carte-Optionen f\u00fcr warme Speisen sowie ein ganzt\u00e4giges Men\u00fc mit Speisen und Getr\u00e4nken, das Ihren Appetit stillt und Sie den ganzen Tag \u00fcber zufriedenstellt.<\/p>\n<p>&nbsp;<\/p>\n","protected":false},"excerpt":{"rendered":"<p>Die Einrichtungen der Quattro Suites bieten die einfachen Luxusmomente eines unbeschwerten Urlaubs. Die Anlage und ihre R\u00e4umlichkeiten sind darauf ausgelegt, dem modernen Reisenden alles zu bieten, was er f\u00fcr einen entspannten Aufenthalt ben\u00f6tigt. Genie\u00dfen Sie hier ein k\u00f6stliches Fr\u00fchst\u00fccksbuffet mit zus\u00e4tzlichen \u00c0-la-carte-Optionen f\u00fcr warme Speisen sowie ein ganzt\u00e4giges Men\u00fc mit Speisen und Getr\u00e4nken, das Ihren<\/p>\n","protected":false},"author":426,"featured_media":2295,"parent":0,"menu_order":0,"comment_status":"closed","ping_status":"closed","template":"page-templates\/simple-list.php","meta":{"_acf_changed":false,"footnotes":""},"class_list":["post-3080","page","type-page","status-publish","has-post-thumbnail","hentry"],"acf":[],"yoast_head":"<!-- This site is optimized with the Yoast SEO plugin v26.8 - https:\/\/yoast.com\/product\/yoast-seo-wordpress\/ -->\n<title>Erlebnisse - Quattro Suites<\/title>\n<meta name=\"robots\" content=\"index, follow, max-snippet:-1, max-image-preview:large, max-video-preview:-1\" \/>\n<link rel=\"canonical\" href=\"https:\/\/quattrosuites.gr\/de\/experiences\/\" \/>\n<meta property=\"og:locale\" content=\"de_DE\" \/>\n<meta property=\"og:type\" content=\"article\" \/>\n<meta property=\"og:title\" content=\"Erlebnisse - Quattro Suites\" \/>\n<meta property=\"og:description\" content=\"Die Einrichtungen der Quattro Suites bieten die einfachen Luxusmomente eines unbeschwerten Urlaubs. Die Anlage und ihre R\u00e4umlichkeiten sind darauf ausgelegt, dem modernen Reisenden alles zu bieten, was er f\u00fcr einen entspannten Aufenthalt ben\u00f6tigt. Genie\u00dfen Sie hier ein k\u00f6stliches Fr\u00fchst\u00fccksbuffet mit zus\u00e4tzlichen \u00c0-la-carte-Optionen f\u00fcr warme Speisen sowie ein ganzt\u00e4giges Men\u00fc mit Speisen und Getr\u00e4nken, das Ihren\" \/>\n<meta property=\"og:url\" content=\"https:\/\/quattrosuites.gr\/de\/experiences\/\" \/>\n<meta property=\"og:site_name\" content=\"Quattro Suites\" \/>\n<meta property=\"article:modified_time\" content=\"2025-06-28T10:21:39+00:00\" \/>\n<meta property=\"og:image\" content=\"https:\/\/quattrosuites.gr\/wp-content\/uploads\/2023\/04\/bigstock-View-Of-Fortified-Medieval-Cas-469442681.jpg\" \/>\n\t<meta property=\"og:image:width\" content=\"1\" \/>\n\t<meta property=\"og:image:height\" content=\"1\" \/>\n\t<meta property=\"og:image:type\" content=\"image\/jpeg\" \/>\n<meta name=\"twitter:card\" content=\"summary_large_image\" \/>\n<meta name=\"twitter:label1\" content=\"Gesch\u00e4tzte Lesezeit\" \/>\n\t<meta name=\"twitter:data1\" content=\"1\u00a0Minute\" \/>\n<script type=\"application\/ld+json\" class=\"yoast-schema-graph\">{\"@context\":\"https:\/\/schema.org\",\"@graph\":[{\"@type\":\"WebPage\",\"@id\":\"https:\/\/quattrosuites.gr\/de\/experiences\/\",\"url\":\"https:\/\/quattrosuites.gr\/de\/experiences\/\",\"name\":\"Erlebnisse - Quattro Suites\",\"isPartOf\":{\"@id\":\"https:\/\/quattrosuites.gr\/#website\"},\"primaryImageOfPage\":{\"@id\":\"https:\/\/quattrosuites.gr\/de\/experiences\/#primaryimage\"},\"image\":{\"@id\":\"https:\/\/quattrosuites.gr\/de\/experiences\/#primaryimage\"},\"thumbnailUrl\":\"https:\/\/quattrosuites.gr\/wp-content\/uploads\/2023\/04\/bigstock-View-Of-Fortified-Medieval-Cas-469442681.jpg\",\"datePublished\":\"2020-10-14T07:32:03+00:00\",\"dateModified\":\"2025-06-28T10:21:39+00:00\",\"breadcrumb\":{\"@id\":\"https:\/\/quattrosuites.gr\/de\/experiences\/#breadcrumb\"},\"inLanguage\":\"de\",\"potentialAction\":[{\"@type\":\"ReadAction\",\"target\":[\"https:\/\/quattrosuites.gr\/de\/experiences\/\"]}]},{\"@type\":\"ImageObject\",\"inLanguage\":\"de\",\"@id\":\"https:\/\/quattrosuites.gr\/de\/experiences\/#primaryimage\",\"url\":\"https:\/\/quattrosuites.gr\/wp-content\/uploads\/2023\/04\/bigstock-View-Of-Fortified-Medieval-Cas-469442681.jpg\",\"contentUrl\":\"https:\/\/quattrosuites.gr\/wp-content\/uploads\/2023\/04\/bigstock-View-Of-Fortified-Medieval-Cas-469442681.jpg\",\"caption\":\"View of fortified medieval castle village Monemvasia with Aegean sea and Lakonia coast as background. Stone houses with dusty pink terracotta tiled roofs and blue sea. Antique buildings under soft sunlight, golden hour.\"},{\"@type\":\"BreadcrumbList\",\"@id\":\"https:\/\/quattrosuites.gr\/de\/experiences\/#breadcrumb\",\"itemListElement\":[{\"@type\":\"ListItem\",\"position\":1,\"name\":\"Home\",\"item\":\"https:\/\/quattrosuites.gr\/de\/\"},{\"@type\":\"ListItem\",\"position\":2,\"name\":\"Erlebnisse\"}]},{\"@type\":\"WebSite\",\"@id\":\"https:\/\/quattrosuites.gr\/#website\",\"url\":\"https:\/\/quattrosuites.gr\/\",\"name\":\"Quattro Suites\",\"description\":\"\",\"publisher\":{\"@id\":\"https:\/\/quattrosuites.gr\/#organization\"},\"potentialAction\":[{\"@type\":\"SearchAction\",\"target\":{\"@type\":\"EntryPoint\",\"urlTemplate\":\"https:\/\/quattrosuites.gr\/?s={search_term_string}\"},\"query-input\":{\"@type\":\"PropertyValueSpecification\",\"valueRequired\":true,\"valueName\":\"search_term_string\"}}],\"inLanguage\":\"de\"},{\"@type\":\"Organization\",\"@id\":\"https:\/\/quattrosuites.gr\/#organization\",\"name\":\"Quattro Suites\",\"url\":\"https:\/\/quattrosuites.gr\/\",\"logo\":{\"@type\":\"ImageObject\",\"inLanguage\":\"de\",\"@id\":\"https:\/\/quattrosuites.gr\/#\/schema\/logo\/image\/\",\"url\":\"https:\/\/quattrosuites.gr\/app\/uploads\/sites\/128\/2024\/10\/logo-opengraph-svg.png\",\"contentUrl\":\"https:\/\/quattrosuites.gr\/app\/uploads\/sites\/128\/2024\/10\/logo-opengraph-svg.png\",\"width\":173,\"height\":100,\"caption\":\"Quattro Suites\"},\"image\":{\"@id\":\"https:\/\/quattrosuites.gr\/#\/schema\/logo\/image\/\"}}]}<\/script>\n<!-- \/ Yoast SEO plugin. -->","yoast_head_json":{"title":"Erlebnisse - Quattro Suites","robots":{"index":"index","follow":"follow","max-snippet":"max-snippet:-1","max-image-preview":"max-image-preview:large","max-video-preview":"max-video-preview:-1"},"canonical":"https:\/\/quattrosuites.gr\/de\/experiences\/","og_locale":"de_DE","og_type":"article","og_title":"Erlebnisse - Quattro Suites","og_description":"Die Einrichtungen der Quattro Suites bieten die einfachen Luxusmomente eines unbeschwerten Urlaubs. Die Anlage und ihre R\u00e4umlichkeiten sind darauf ausgelegt, dem modernen Reisenden alles zu bieten, was er f\u00fcr einen entspannten Aufenthalt ben\u00f6tigt. Genie\u00dfen Sie hier ein k\u00f6stliches Fr\u00fchst\u00fccksbuffet mit zus\u00e4tzlichen \u00c0-la-carte-Optionen f\u00fcr warme Speisen sowie ein ganzt\u00e4giges Men\u00fc mit Speisen und Getr\u00e4nken, das Ihren","og_url":"https:\/\/quattrosuites.gr\/de\/experiences\/","og_site_name":"Quattro Suites","article_modified_time":"2025-06-28T10:21:39+00:00","og_image":[{"url":"https:\/\/quattrosuites.gr\/wp-content\/uploads\/2023\/04\/bigstock-View-Of-Fortified-Medieval-Cas-469442681.jpg","width":1,"height":1,"type":"image\/jpeg"}],"twitter_card":"summary_large_image","twitter_misc":{"Gesch\u00e4tzte Lesezeit":"1\u00a0Minute"},"schema":{"@context":"https:\/\/schema.org","@graph":[{"@type":"WebPage","@id":"https:\/\/quattrosuites.gr\/de\/experiences\/","url":"https:\/\/quattrosuites.gr\/de\/experiences\/","name":"Erlebnisse - Quattro Suites","isPartOf":{"@id":"https:\/\/quattrosuites.gr\/#website"},"primaryImageOfPage":{"@id":"https:\/\/quattrosuites.gr\/de\/experiences\/#primaryimage"},"image":{"@id":"https:\/\/quattrosuites.gr\/de\/experiences\/#primaryimage"},"thumbnailUrl":"https:\/\/quattrosuites.gr\/wp-content\/uploads\/2023\/04\/bigstock-View-Of-Fortified-Medieval-Cas-469442681.jpg","datePublished":"2020-10-14T07:32:03+00:00","dateModified":"2025-06-28T10:21:39+00:00","breadcrumb":{"@id":"https:\/\/quattrosuites.gr\/de\/experiences\/#breadcrumb"},"inLanguage":"de","potentialAction":[{"@type":"ReadAction","target":["https:\/\/quattrosuites.gr\/de\/experiences\/"]}]},{"@type":"ImageObject","inLanguage":"de","@id":"https:\/\/quattrosuites.gr\/de\/experiences\/#primaryimage","url":"https:\/\/quattrosuites.gr\/wp-content\/uploads\/2023\/04\/bigstock-View-Of-Fortified-Medieval-Cas-469442681.jpg","contentUrl":"https:\/\/quattrosuites.gr\/wp-content\/uploads\/2023\/04\/bigstock-View-Of-Fortified-Medieval-Cas-469442681.jpg","caption":"View of fortified medieval castle village Monemvasia with Aegean sea and Lakonia coast as background. Stone houses with dusty pink terracotta tiled roofs and blue sea. Antique buildings under soft sunlight, golden hour."},{"@type":"BreadcrumbList","@id":"https:\/\/quattrosuites.gr\/de\/experiences\/#breadcrumb","itemListElement":[{"@type":"ListItem","position":1,"name":"Home","item":"https:\/\/quattrosuites.gr\/de\/"},{"@type":"ListItem","position":2,"name":"Erlebnisse"}]},{"@type":"WebSite","@id":"https:\/\/quattrosuites.gr\/#website","url":"https:\/\/quattrosuites.gr\/","name":"Quattro Suites","description":"","publisher":{"@id":"https:\/\/quattrosuites.gr\/#organization"},"potentialAction":[{"@type":"SearchAction","target":{"@type":"EntryPoint","urlTemplate":"https:\/\/quattrosuites.gr\/?s={search_term_string}"},"query-input":{"@type":"PropertyValueSpecification","valueRequired":true,"valueName":"search_term_string"}}],"inLanguage":"de"},{"@type":"Organization","@id":"https:\/\/quattrosuites.gr\/#organization","name":"Quattro Suites","url":"https:\/\/quattrosuites.gr\/","logo":{"@type":"ImageObject","inLanguage":"de","@id":"https:\/\/quattrosuites.gr\/#\/schema\/logo\/image\/","url":"https:\/\/quattrosuites.gr\/app\/uploads\/sites\/128\/2024\/10\/logo-opengraph-svg.png","contentUrl":"https:\/\/quattrosuites.gr\/app\/uploads\/sites\/128\/2024\/10\/logo-opengraph-svg.png","width":173,"height":100,"caption":"Quattro Suites"},"image":{"@id":"https:\/\/quattrosuites.gr\/#\/schema\/logo\/image\/"}}]}},"_links":{"self":[{"href":"https:\/\/quattrosuites.gr\/de\/wp-json\/wp\/v2\/pages\/3080","targetHints":{"allow":["GET"]}}],"collection":[{"href":"https:\/\/quattrosuites.gr\/de\/wp-json\/wp\/v2\/pages"}],"about":[{"href":"https:\/\/quattrosuites.gr\/de\/wp-json\/wp\/v2\/types\/page"}],"author":[{"embeddable":true,"href":"https:\/\/quattrosuites.gr\/de\/wp-json\/wp\/v2\/users\/426"}],"replies":[{"embeddable":true,"href":"https:\/\/quattrosuites.gr\/de\/wp-json\/wp\/v2\/comments?post=3080"}],"version-history":[{"count":1,"href":"https:\/\/quattrosuites.gr\/de\/wp-json\/wp\/v2\/pages\/3080\/revisions"}],"predecessor-version":[{"id":3081,"href":"https:\/\/quattrosuites.gr\/de\/wp-json\/wp\/v2\/pages\/3080\/revisions\/3081"}],"wp:featuredmedia":[{"embeddable":true,"href":"https:\/\/quattrosuites.gr\/de\/wp-json\/wp\/v2\/media\/2295"}],"wp:attachment":[{"href":"https:\/\/quattrosuites.gr\/de\/wp-json\/wp\/v2\/media?parent=3080"}],"curies":[{"name":"wp","href":"https:\/\/api.w.org\/{rel}","templated":true}]}}