{"id":3082,"date":"2023-04-02T23:28:38","date_gmt":"2023-04-02T20:28:38","guid":{"rendered":"https:\/\/quattrosuites.gr\/explore\/"},"modified":"2025-06-28T13:22:54","modified_gmt":"2025-06-28T10:22:54","slug":"explore","status":"publish","type":"page","link":"https:\/\/quattrosuites.gr\/de\/explore\/","title":{"rendered":"Entdecken"},"content":{"rendered":"<p>Die Quattro Suites befinden sich in g\u00fcnstiger Lage in der N\u00e4he des legend\u00e4ren Monemvasia-Schlosses im Gebiet Xifias und bieten ihren G\u00e4sten faszinierende Ausblicke auf die Felsenfestung und das endlose Blau der \u00c4g\u00e4is. Diese Lage ist ein idealer Ausgangspunkt, um die Sehensw\u00fcrdigkeiten von Monemvasia zu erkunden. Erwecken Sie den Entdecker in sich und unternehmen Sie Tagesausfl\u00fcge zu den Naturwundern und kulturell interessanten Orten der Region.<\/p>\n","protected":false},"excerpt":{"rendered":"<p>Die Quattro Suites befinden sich in g\u00fcnstiger Lage in der N\u00e4he des legend\u00e4ren Monemvasia-Schlosses im Gebiet Xifias und bieten ihren G\u00e4sten faszinierende Ausblicke auf die Felsenfestung und das endlose Blau der \u00c4g\u00e4is. Diese Lage ist ein idealer Ausgangspunkt, um die Sehensw\u00fcrdigkeiten von Monemvasia zu erkunden. Erwecken Sie den Entdecker in sich und unternehmen Sie Tagesausfl\u00fcge<\/p>\n","protected":false},"author":426,"featured_media":0,"parent":0,"menu_order":0,"comment_status":"closed","ping_status":"closed","template":"page-templates\/simple-list.php","meta":{"_acf_changed":false,"footnotes":""},"class_list":["post-3082","page","type-page","status-publish","hentry"],"acf":[],"yoast_head":"<!-- This site is optimized with the Yoast SEO plugin v26.8 - https:\/\/yoast.com\/product\/yoast-seo-wordpress\/ -->\n<title>Entdecken - Quattro Suites<\/title>\n<meta name=\"robots\" content=\"index, follow, max-snippet:-1, max-image-preview:large, max-video-preview:-1\" \/>\n<link rel=\"canonical\" href=\"https:\/\/quattrosuites.gr\/de\/explore\/\" \/>\n<meta property=\"og:locale\" content=\"de_DE\" \/>\n<meta property=\"og:type\" content=\"article\" \/>\n<meta property=\"og:title\" content=\"Entdecken - Quattro Suites\" \/>\n<meta property=\"og:description\" content=\"Die Quattro Suites befinden sich in g\u00fcnstiger Lage in der N\u00e4he des legend\u00e4ren Monemvasia-Schlosses im Gebiet Xifias und bieten ihren G\u00e4sten faszinierende Ausblicke auf die Felsenfestung und das endlose Blau der \u00c4g\u00e4is. Diese Lage ist ein idealer Ausgangspunkt, um die Sehensw\u00fcrdigkeiten von Monemvasia zu erkunden. Erwecken Sie den Entdecker in sich und unternehmen Sie Tagesausfl\u00fcge\" \/>\n<meta property=\"og:url\" content=\"https:\/\/quattrosuites.gr\/de\/explore\/\" \/>\n<meta property=\"og:site_name\" content=\"Quattro Suites\" \/>\n<meta property=\"article:modified_time\" content=\"2025-06-28T10:22:54+00:00\" \/>\n<meta name=\"twitter:card\" content=\"summary_large_image\" \/>\n<meta name=\"twitter:label1\" content=\"Gesch\u00e4tzte Lesezeit\" \/>\n\t<meta name=\"twitter:data1\" content=\"1\u00a0Minute\" \/>\n<script type=\"application\/ld+json\" class=\"yoast-schema-graph\">{\"@context\":\"https:\/\/schema.org\",\"@graph\":[{\"@type\":\"WebPage\",\"@id\":\"https:\/\/quattrosuites.gr\/de\/explore\/\",\"url\":\"https:\/\/quattrosuites.gr\/de\/explore\/\",\"name\":\"Entdecken - Quattro Suites\",\"isPartOf\":{\"@id\":\"https:\/\/quattrosuites.gr\/#website\"},\"datePublished\":\"2023-04-02T20:28:38+00:00\",\"dateModified\":\"2025-06-28T10:22:54+00:00\",\"breadcrumb\":{\"@id\":\"https:\/\/quattrosuites.gr\/de\/explore\/#breadcrumb\"},\"inLanguage\":\"de\",\"potentialAction\":[{\"@type\":\"ReadAction\",\"target\":[\"https:\/\/quattrosuites.gr\/de\/explore\/\"]}]},{\"@type\":\"BreadcrumbList\",\"@id\":\"https:\/\/quattrosuites.gr\/de\/explore\/#breadcrumb\",\"itemListElement\":[{\"@type\":\"ListItem\",\"position\":1,\"name\":\"Home\",\"item\":\"https:\/\/quattrosuites.gr\/de\/\"},{\"@type\":\"ListItem\",\"position\":2,\"name\":\"Entdecken\"}]},{\"@type\":\"WebSite\",\"@id\":\"https:\/\/quattrosuites.gr\/#website\",\"url\":\"https:\/\/quattrosuites.gr\/\",\"name\":\"Quattro Suites\",\"description\":\"\",\"publisher\":{\"@id\":\"https:\/\/quattrosuites.gr\/#organization\"},\"potentialAction\":[{\"@type\":\"SearchAction\",\"target\":{\"@type\":\"EntryPoint\",\"urlTemplate\":\"https:\/\/quattrosuites.gr\/?s={search_term_string}\"},\"query-input\":{\"@type\":\"PropertyValueSpecification\",\"valueRequired\":true,\"valueName\":\"search_term_string\"}}],\"inLanguage\":\"de\"},{\"@type\":\"Organization\",\"@id\":\"https:\/\/quattrosuites.gr\/#organization\",\"name\":\"Quattro Suites\",\"url\":\"https:\/\/quattrosuites.gr\/\",\"logo\":{\"@type\":\"ImageObject\",\"inLanguage\":\"de\",\"@id\":\"https:\/\/quattrosuites.gr\/#\/schema\/logo\/image\/\",\"url\":\"https:\/\/quattrosuites.gr\/app\/uploads\/sites\/128\/2024\/10\/logo-opengraph-svg.png\",\"contentUrl\":\"https:\/\/quattrosuites.gr\/app\/uploads\/sites\/128\/2024\/10\/logo-opengraph-svg.png\",\"width\":173,\"height\":100,\"caption\":\"Quattro Suites\"},\"image\":{\"@id\":\"https:\/\/quattrosuites.gr\/#\/schema\/logo\/image\/\"}}]}<\/script>\n<!-- \/ Yoast SEO plugin. -->","yoast_head_json":{"title":"Entdecken - Quattro Suites","robots":{"index":"index","follow":"follow","max-snippet":"max-snippet:-1","max-image-preview":"max-image-preview:large","max-video-preview":"max-video-preview:-1"},"canonical":"https:\/\/quattrosuites.gr\/de\/explore\/","og_locale":"de_DE","og_type":"article","og_title":"Entdecken - Quattro Suites","og_description":"Die Quattro Suites befinden sich in g\u00fcnstiger Lage in der N\u00e4he des legend\u00e4ren Monemvasia-Schlosses im Gebiet Xifias und bieten ihren G\u00e4sten faszinierende Ausblicke auf die Felsenfestung und das endlose Blau der \u00c4g\u00e4is. Diese Lage ist ein idealer Ausgangspunkt, um die Sehensw\u00fcrdigkeiten von Monemvasia zu erkunden. Erwecken Sie den Entdecker in sich und unternehmen Sie Tagesausfl\u00fcge","og_url":"https:\/\/quattrosuites.gr\/de\/explore\/","og_site_name":"Quattro Suites","article_modified_time":"2025-06-28T10:22:54+00:00","twitter_card":"summary_large_image","twitter_misc":{"Gesch\u00e4tzte Lesezeit":"1\u00a0Minute"},"schema":{"@context":"https:\/\/schema.org","@graph":[{"@type":"WebPage","@id":"https:\/\/quattrosuites.gr\/de\/explore\/","url":"https:\/\/quattrosuites.gr\/de\/explore\/","name":"Entdecken - Quattro Suites","isPartOf":{"@id":"https:\/\/quattrosuites.gr\/#website"},"datePublished":"2023-04-02T20:28:38+00:00","dateModified":"2025-06-28T10:22:54+00:00","breadcrumb":{"@id":"https:\/\/quattrosuites.gr\/de\/explore\/#breadcrumb"},"inLanguage":"de","potentialAction":[{"@type":"ReadAction","target":["https:\/\/quattrosuites.gr\/de\/explore\/"]}]},{"@type":"BreadcrumbList","@id":"https:\/\/quattrosuites.gr\/de\/explore\/#breadcrumb","itemListElement":[{"@type":"ListItem","position":1,"name":"Home","item":"https:\/\/quattrosuites.gr\/de\/"},{"@type":"ListItem","position":2,"name":"Entdecken"}]},{"@type":"WebSite","@id":"https:\/\/quattrosuites.gr\/#website","url":"https:\/\/quattrosuites.gr\/","name":"Quattro Suites","description":"","publisher":{"@id":"https:\/\/quattrosuites.gr\/#organization"},"potentialAction":[{"@type":"SearchAction","target":{"@type":"EntryPoint","urlTemplate":"https:\/\/quattrosuites.gr\/?s={search_term_string}"},"query-input":{"@type":"PropertyValueSpecification","valueRequired":true,"valueName":"search_term_string"}}],"inLanguage":"de"},{"@type":"Organization","@id":"https:\/\/quattrosuites.gr\/#organization","name":"Quattro Suites","url":"https:\/\/quattrosuites.gr\/","logo":{"@type":"ImageObject","inLanguage":"de","@id":"https:\/\/quattrosuites.gr\/#\/schema\/logo\/image\/","url":"https:\/\/quattrosuites.gr\/app\/uploads\/sites\/128\/2024\/10\/logo-opengraph-svg.png","contentUrl":"https:\/\/quattrosuites.gr\/app\/uploads\/sites\/128\/2024\/10\/logo-opengraph-svg.png","width":173,"height":100,"caption":"Quattro Suites"},"image":{"@id":"https:\/\/quattrosuites.gr\/#\/schema\/logo\/image\/"}}]}},"_links":{"self":[{"href":"https:\/\/quattrosuites.gr\/de\/wp-json\/wp\/v2\/pages\/3082","targetHints":{"allow":["GET"]}}],"collection":[{"href":"https:\/\/quattrosuites.gr\/de\/wp-json\/wp\/v2\/pages"}],"about":[{"href":"https:\/\/quattrosuites.gr\/de\/wp-json\/wp\/v2\/types\/page"}],"author":[{"embeddable":true,"href":"https:\/\/quattrosuites.gr\/de\/wp-json\/wp\/v2\/users\/426"}],"replies":[{"embeddable":true,"href":"https:\/\/quattrosuites.gr\/de\/wp-json\/wp\/v2\/comments?post=3082"}],"version-history":[{"count":1,"href":"https:\/\/quattrosuites.gr\/de\/wp-json\/wp\/v2\/pages\/3082\/revisions"}],"predecessor-version":[{"id":3083,"href":"https:\/\/quattrosuites.gr\/de\/wp-json\/wp\/v2\/pages\/3082\/revisions\/3083"}],"wp:attachment":[{"href":"https:\/\/quattrosuites.gr\/de\/wp-json\/wp\/v2\/media?parent=3082"}],"curies":[{"name":"wp","href":"https:\/\/api.w.org\/{rel}","templated":true}]}}