{"id":3084,"date":"2020-10-14T10:32:03","date_gmt":"2020-10-14T07:32:03","guid":{"rendered":"https:\/\/quattrosuites.gr\/explore\/beaches\/"},"modified":"2025-06-28T13:24:16","modified_gmt":"2025-06-28T10:24:16","slug":"beaches","status":"publish","type":"page","link":"https:\/\/quattrosuites.gr\/de\/explore\/beaches\/","title":{"rendered":"Str\u00e4nde"},"content":{"rendered":"<p>Mit dem Auto erreichen Sie einige der bekanntesten Str\u00e4nde von Monemvasia und k\u00f6nnen sich an deren herrlicher Sch\u00f6nheit erfreuen.<\/p>\n","protected":false},"excerpt":{"rendered":"<p>Mit dem Auto erreichen Sie einige der bekanntesten Str\u00e4nde von Monemvasia und k\u00f6nnen sich an deren herrlicher Sch\u00f6nheit erfreuen.<\/p>\n","protected":false},"author":426,"featured_media":2183,"parent":3082,"menu_order":0,"comment_status":"closed","ping_status":"closed","template":"page-templates\/simple-list.php","meta":{"_acf_changed":false,"footnotes":""},"class_list":["post-3084","page","type-page","status-publish","has-post-thumbnail","hentry"],"acf":[],"yoast_head":"<!-- This site is optimized with the Yoast SEO plugin v26.8 - https:\/\/yoast.com\/product\/yoast-seo-wordpress\/ -->\n<title>Str\u00e4nde - Quattro Suites<\/title>\n<meta name=\"robots\" content=\"index, follow, max-snippet:-1, max-image-preview:large, max-video-preview:-1\" \/>\n<link rel=\"canonical\" href=\"https:\/\/quattrosuites.gr\/de\/explore\/beaches\/\" \/>\n<meta property=\"og:locale\" content=\"de_DE\" \/>\n<meta property=\"og:type\" content=\"article\" \/>\n<meta property=\"og:title\" content=\"Str\u00e4nde - Quattro Suites\" \/>\n<meta property=\"og:description\" content=\"Mit dem Auto erreichen Sie einige der bekanntesten Str\u00e4nde von Monemvasia und k\u00f6nnen sich an deren herrlicher Sch\u00f6nheit erfreuen.\" \/>\n<meta property=\"og:url\" content=\"https:\/\/quattrosuites.gr\/de\/explore\/beaches\/\" \/>\n<meta property=\"og:site_name\" content=\"Quattro Suites\" \/>\n<meta property=\"article:modified_time\" content=\"2025-06-28T10:24:16+00:00\" \/>\n<meta property=\"og:image\" content=\"https:\/\/quattrosuites.gr\/wp-content\/uploads\/2023\/04\/Beaches_AmbelakiaBeach.jpg\" \/>\n\t<meta property=\"og:image:width\" content=\"800\" \/>\n\t<meta property=\"og:image:height\" content=\"533\" \/>\n\t<meta property=\"og:image:type\" content=\"image\/jpeg\" \/>\n<meta name=\"twitter:card\" content=\"summary_large_image\" \/>\n<meta name=\"twitter:label1\" content=\"Gesch\u00e4tzte Lesezeit\" \/>\n\t<meta name=\"twitter:data1\" content=\"1\u00a0Minute\" \/>\n<script type=\"application\/ld+json\" class=\"yoast-schema-graph\">{\"@context\":\"https:\/\/schema.org\",\"@graph\":[{\"@type\":\"WebPage\",\"@id\":\"https:\/\/quattrosuites.gr\/de\/explore\/beaches\/\",\"url\":\"https:\/\/quattrosuites.gr\/de\/explore\/beaches\/\",\"name\":\"Str\u00e4nde - Quattro Suites\",\"isPartOf\":{\"@id\":\"https:\/\/quattrosuites.gr\/#website\"},\"primaryImageOfPage\":{\"@id\":\"https:\/\/quattrosuites.gr\/de\/explore\/beaches\/#primaryimage\"},\"image\":{\"@id\":\"https:\/\/quattrosuites.gr\/de\/explore\/beaches\/#primaryimage\"},\"thumbnailUrl\":\"https:\/\/quattrosuites.gr\/wp-content\/uploads\/2023\/04\/Beaches_AmbelakiaBeach.jpg\",\"datePublished\":\"2020-10-14T07:32:03+00:00\",\"dateModified\":\"2025-06-28T10:24:16+00:00\",\"breadcrumb\":{\"@id\":\"https:\/\/quattrosuites.gr\/de\/explore\/beaches\/#breadcrumb\"},\"inLanguage\":\"de\",\"potentialAction\":[{\"@type\":\"ReadAction\",\"target\":[\"https:\/\/quattrosuites.gr\/de\/explore\/beaches\/\"]}]},{\"@type\":\"ImageObject\",\"inLanguage\":\"de\",\"@id\":\"https:\/\/quattrosuites.gr\/de\/explore\/beaches\/#primaryimage\",\"url\":\"https:\/\/quattrosuites.gr\/wp-content\/uploads\/2023\/04\/Beaches_AmbelakiaBeach.jpg\",\"contentUrl\":\"https:\/\/quattrosuites.gr\/wp-content\/uploads\/2023\/04\/Beaches_AmbelakiaBeach.jpg\",\"width\":800,\"height\":533},{\"@type\":\"BreadcrumbList\",\"@id\":\"https:\/\/quattrosuites.gr\/de\/explore\/beaches\/#breadcrumb\",\"itemListElement\":[{\"@type\":\"ListItem\",\"position\":1,\"name\":\"Home\",\"item\":\"https:\/\/quattrosuites.gr\/de\/\"},{\"@type\":\"ListItem\",\"position\":2,\"name\":\"Entdecken\",\"item\":\"https:\/\/quattrosuites.gr\/de\/explore\/\"},{\"@type\":\"ListItem\",\"position\":3,\"name\":\"Str\u00e4nde\"}]},{\"@type\":\"WebSite\",\"@id\":\"https:\/\/quattrosuites.gr\/#website\",\"url\":\"https:\/\/quattrosuites.gr\/\",\"name\":\"Quattro Suites\",\"description\":\"\",\"publisher\":{\"@id\":\"https:\/\/quattrosuites.gr\/#organization\"},\"potentialAction\":[{\"@type\":\"SearchAction\",\"target\":{\"@type\":\"EntryPoint\",\"urlTemplate\":\"https:\/\/quattrosuites.gr\/?s={search_term_string}\"},\"query-input\":{\"@type\":\"PropertyValueSpecification\",\"valueRequired\":true,\"valueName\":\"search_term_string\"}}],\"inLanguage\":\"de\"},{\"@type\":\"Organization\",\"@id\":\"https:\/\/quattrosuites.gr\/#organization\",\"name\":\"Quattro Suites\",\"url\":\"https:\/\/quattrosuites.gr\/\",\"logo\":{\"@type\":\"ImageObject\",\"inLanguage\":\"de\",\"@id\":\"https:\/\/quattrosuites.gr\/#\/schema\/logo\/image\/\",\"url\":\"https:\/\/quattrosuites.gr\/app\/uploads\/sites\/128\/2024\/10\/logo-opengraph-svg.png\",\"contentUrl\":\"https:\/\/quattrosuites.gr\/app\/uploads\/sites\/128\/2024\/10\/logo-opengraph-svg.png\",\"width\":173,\"height\":100,\"caption\":\"Quattro Suites\"},\"image\":{\"@id\":\"https:\/\/quattrosuites.gr\/#\/schema\/logo\/image\/\"}}]}<\/script>\n<!-- \/ Yoast SEO plugin. -->","yoast_head_json":{"title":"Str\u00e4nde - Quattro Suites","robots":{"index":"index","follow":"follow","max-snippet":"max-snippet:-1","max-image-preview":"max-image-preview:large","max-video-preview":"max-video-preview:-1"},"canonical":"https:\/\/quattrosuites.gr\/de\/explore\/beaches\/","og_locale":"de_DE","og_type":"article","og_title":"Str\u00e4nde - Quattro Suites","og_description":"Mit dem Auto erreichen Sie einige der bekanntesten Str\u00e4nde von Monemvasia und k\u00f6nnen sich an deren herrlicher Sch\u00f6nheit erfreuen.","og_url":"https:\/\/quattrosuites.gr\/de\/explore\/beaches\/","og_site_name":"Quattro Suites","article_modified_time":"2025-06-28T10:24:16+00:00","og_image":[{"width":800,"height":533,"url":"https:\/\/quattrosuites.gr\/wp-content\/uploads\/2023\/04\/Beaches_AmbelakiaBeach.jpg","type":"image\/jpeg"}],"twitter_card":"summary_large_image","twitter_misc":{"Gesch\u00e4tzte Lesezeit":"1\u00a0Minute"},"schema":{"@context":"https:\/\/schema.org","@graph":[{"@type":"WebPage","@id":"https:\/\/quattrosuites.gr\/de\/explore\/beaches\/","url":"https:\/\/quattrosuites.gr\/de\/explore\/beaches\/","name":"Str\u00e4nde - Quattro Suites","isPartOf":{"@id":"https:\/\/quattrosuites.gr\/#website"},"primaryImageOfPage":{"@id":"https:\/\/quattrosuites.gr\/de\/explore\/beaches\/#primaryimage"},"image":{"@id":"https:\/\/quattrosuites.gr\/de\/explore\/beaches\/#primaryimage"},"thumbnailUrl":"https:\/\/quattrosuites.gr\/wp-content\/uploads\/2023\/04\/Beaches_AmbelakiaBeach.jpg","datePublished":"2020-10-14T07:32:03+00:00","dateModified":"2025-06-28T10:24:16+00:00","breadcrumb":{"@id":"https:\/\/quattrosuites.gr\/de\/explore\/beaches\/#breadcrumb"},"inLanguage":"de","potentialAction":[{"@type":"ReadAction","target":["https:\/\/quattrosuites.gr\/de\/explore\/beaches\/"]}]},{"@type":"ImageObject","inLanguage":"de","@id":"https:\/\/quattrosuites.gr\/de\/explore\/beaches\/#primaryimage","url":"https:\/\/quattrosuites.gr\/wp-content\/uploads\/2023\/04\/Beaches_AmbelakiaBeach.jpg","contentUrl":"https:\/\/quattrosuites.gr\/wp-content\/uploads\/2023\/04\/Beaches_AmbelakiaBeach.jpg","width":800,"height":533},{"@type":"BreadcrumbList","@id":"https:\/\/quattrosuites.gr\/de\/explore\/beaches\/#breadcrumb","itemListElement":[{"@type":"ListItem","position":1,"name":"Home","item":"https:\/\/quattrosuites.gr\/de\/"},{"@type":"ListItem","position":2,"name":"Entdecken","item":"https:\/\/quattrosuites.gr\/de\/explore\/"},{"@type":"ListItem","position":3,"name":"Str\u00e4nde"}]},{"@type":"WebSite","@id":"https:\/\/quattrosuites.gr\/#website","url":"https:\/\/quattrosuites.gr\/","name":"Quattro Suites","description":"","publisher":{"@id":"https:\/\/quattrosuites.gr\/#organization"},"potentialAction":[{"@type":"SearchAction","target":{"@type":"EntryPoint","urlTemplate":"https:\/\/quattrosuites.gr\/?s={search_term_string}"},"query-input":{"@type":"PropertyValueSpecification","valueRequired":true,"valueName":"search_term_string"}}],"inLanguage":"de"},{"@type":"Organization","@id":"https:\/\/quattrosuites.gr\/#organization","name":"Quattro Suites","url":"https:\/\/quattrosuites.gr\/","logo":{"@type":"ImageObject","inLanguage":"de","@id":"https:\/\/quattrosuites.gr\/#\/schema\/logo\/image\/","url":"https:\/\/quattrosuites.gr\/app\/uploads\/sites\/128\/2024\/10\/logo-opengraph-svg.png","contentUrl":"https:\/\/quattrosuites.gr\/app\/uploads\/sites\/128\/2024\/10\/logo-opengraph-svg.png","width":173,"height":100,"caption":"Quattro Suites"},"image":{"@id":"https:\/\/quattrosuites.gr\/#\/schema\/logo\/image\/"}}]}},"_links":{"self":[{"href":"https:\/\/quattrosuites.gr\/de\/wp-json\/wp\/v2\/pages\/3084","targetHints":{"allow":["GET"]}}],"collection":[{"href":"https:\/\/quattrosuites.gr\/de\/wp-json\/wp\/v2\/pages"}],"about":[{"href":"https:\/\/quattrosuites.gr\/de\/wp-json\/wp\/v2\/types\/page"}],"author":[{"embeddable":true,"href":"https:\/\/quattrosuites.gr\/de\/wp-json\/wp\/v2\/users\/426"}],"replies":[{"embeddable":true,"href":"https:\/\/quattrosuites.gr\/de\/wp-json\/wp\/v2\/comments?post=3084"}],"version-history":[{"count":1,"href":"https:\/\/quattrosuites.gr\/de\/wp-json\/wp\/v2\/pages\/3084\/revisions"}],"predecessor-version":[{"id":3085,"href":"https:\/\/quattrosuites.gr\/de\/wp-json\/wp\/v2\/pages\/3084\/revisions\/3085"}],"up":[{"embeddable":true,"href":"https:\/\/quattrosuites.gr\/de\/wp-json\/wp\/v2\/pages\/3082"}],"wp:featuredmedia":[{"embeddable":true,"href":"https:\/\/quattrosuites.gr\/de\/wp-json\/wp\/v2\/media\/2183"}],"wp:attachment":[{"href":"https:\/\/quattrosuites.gr\/de\/wp-json\/wp\/v2\/media?parent=3084"}],"curies":[{"name":"wp","href":"https:\/\/api.w.org\/{rel}","templated":true}]}}