{"id":3086,"date":"2023-04-02T23:33:00","date_gmt":"2023-04-02T20:33:00","guid":{"rendered":"https:\/\/quattrosuites.gr\/explore\/beaches\/elafonissos-beach\/"},"modified":"2025-06-28T13:25:36","modified_gmt":"2025-06-28T10:25:36","slug":"elafonissos-beach","status":"publish","type":"page","link":"https:\/\/quattrosuites.gr\/de\/explore\/beaches\/elafonissos-beach\/","title":{"rendered":"Elafonissos Strand"},"content":{"rendered":"<p>W\u00e4hrend Ihres Aufenthalts in Monemvasia sollten Sie sich die Gelegenheit nicht entgehen lassen, Elafonissos zu besuchen. Diese atemberaubende Insel liegt nur 300 Meter vom Festland entfernt, etwa 35 km s\u00fcd\u00f6stlich der Quattro Suites. Stellen Sie sich feinsten wei\u00dfen Sand und t\u00fcrkisblaues Wasser entlang eines langen Strandabschnitts vor \u2013 ein sensationeller Ort mit tropischem Flair. Das Highlight? Ein Zwillingsstrand, der von einer kleinen Halbinsel gebildet wird und einfach atemberaubend ist.<\/p>\n<p>&nbsp;<\/p>\n","protected":false},"excerpt":{"rendered":"<p>W\u00e4hrend Ihres Aufenthalts in Monemvasia sollten Sie sich die Gelegenheit nicht entgehen lassen, Elafonissos zu besuchen. Diese atemberaubende Insel liegt nur 300 Meter vom Festland entfernt, etwa 35 km s\u00fcd\u00f6stlich der Quattro Suites. Stellen Sie sich feinsten wei\u00dfen Sand und t\u00fcrkisblaues Wasser entlang eines langen Strandabschnitts vor \u2013 ein sensationeller Ort mit tropischem Flair. Das<\/p>\n","protected":false},"author":426,"featured_media":2203,"parent":3084,"menu_order":0,"comment_status":"closed","ping_status":"closed","template":"","meta":{"_acf_changed":false,"footnotes":""},"class_list":["post-3086","page","type-page","status-publish","has-post-thumbnail","hentry"],"acf":[],"yoast_head":"<!-- This site is optimized with the Yoast SEO plugin v26.8 - https:\/\/yoast.com\/product\/yoast-seo-wordpress\/ -->\n<title>Elafonissos Strand - Quattro Suites<\/title>\n<meta name=\"robots\" content=\"index, follow, max-snippet:-1, max-image-preview:large, max-video-preview:-1\" \/>\n<link rel=\"canonical\" href=\"https:\/\/quattrosuites.gr\/de\/explore\/beaches\/elafonissos-beach\/\" \/>\n<meta property=\"og:locale\" content=\"de_DE\" \/>\n<meta property=\"og:type\" content=\"article\" \/>\n<meta property=\"og:title\" content=\"Elafonissos Strand - Quattro Suites\" \/>\n<meta property=\"og:description\" content=\"W\u00e4hrend Ihres Aufenthalts in Monemvasia sollten Sie sich die Gelegenheit nicht entgehen lassen, Elafonissos zu besuchen. Diese atemberaubende Insel liegt nur 300 Meter vom Festland entfernt, etwa 35 km s\u00fcd\u00f6stlich der Quattro Suites. Stellen Sie sich feinsten wei\u00dfen Sand und t\u00fcrkisblaues Wasser entlang eines langen Strandabschnitts vor \u2013 ein sensationeller Ort mit tropischem Flair. Das\" \/>\n<meta property=\"og:url\" content=\"https:\/\/quattrosuites.gr\/de\/explore\/beaches\/elafonissos-beach\/\" \/>\n<meta property=\"og:site_name\" content=\"Quattro Suites\" \/>\n<meta property=\"article:modified_time\" content=\"2025-06-28T10:25:36+00:00\" \/>\n<meta property=\"og:image\" content=\"https:\/\/quattrosuites.gr\/wp-content\/uploads\/2023\/04\/Elafonissos-Beach-scaled.jpg\" \/>\n\t<meta property=\"og:image:width\" content=\"2560\" \/>\n\t<meta property=\"og:image:height\" content=\"1929\" \/>\n\t<meta property=\"og:image:type\" content=\"image\/jpeg\" \/>\n<meta name=\"twitter:card\" content=\"summary_large_image\" \/>\n<meta name=\"twitter:label1\" content=\"Gesch\u00e4tzte Lesezeit\" \/>\n\t<meta name=\"twitter:data1\" content=\"1\u00a0Minute\" \/>\n<script type=\"application\/ld+json\" class=\"yoast-schema-graph\">{\"@context\":\"https:\/\/schema.org\",\"@graph\":[{\"@type\":\"WebPage\",\"@id\":\"https:\/\/quattrosuites.gr\/de\/explore\/beaches\/elafonissos-beach\/\",\"url\":\"https:\/\/quattrosuites.gr\/de\/explore\/beaches\/elafonissos-beach\/\",\"name\":\"Elafonissos Strand - Quattro Suites\",\"isPartOf\":{\"@id\":\"https:\/\/quattrosuites.gr\/#website\"},\"primaryImageOfPage\":{\"@id\":\"https:\/\/quattrosuites.gr\/de\/explore\/beaches\/elafonissos-beach\/#primaryimage\"},\"image\":{\"@id\":\"https:\/\/quattrosuites.gr\/de\/explore\/beaches\/elafonissos-beach\/#primaryimage\"},\"thumbnailUrl\":\"https:\/\/quattrosuites.gr\/wp-content\/uploads\/2023\/04\/Elafonissos-Beach-scaled.jpg\",\"datePublished\":\"2023-04-02T20:33:00+00:00\",\"dateModified\":\"2025-06-28T10:25:36+00:00\",\"breadcrumb\":{\"@id\":\"https:\/\/quattrosuites.gr\/de\/explore\/beaches\/elafonissos-beach\/#breadcrumb\"},\"inLanguage\":\"de\",\"potentialAction\":[{\"@type\":\"ReadAction\",\"target\":[\"https:\/\/quattrosuites.gr\/de\/explore\/beaches\/elafonissos-beach\/\"]}]},{\"@type\":\"ImageObject\",\"inLanguage\":\"de\",\"@id\":\"https:\/\/quattrosuites.gr\/de\/explore\/beaches\/elafonissos-beach\/#primaryimage\",\"url\":\"https:\/\/quattrosuites.gr\/wp-content\/uploads\/2023\/04\/Elafonissos-Beach-scaled.jpg\",\"contentUrl\":\"https:\/\/quattrosuites.gr\/wp-content\/uploads\/2023\/04\/Elafonissos-Beach-scaled.jpg\",\"width\":2560,\"height\":1929},{\"@type\":\"BreadcrumbList\",\"@id\":\"https:\/\/quattrosuites.gr\/de\/explore\/beaches\/elafonissos-beach\/#breadcrumb\",\"itemListElement\":[{\"@type\":\"ListItem\",\"position\":1,\"name\":\"Home\",\"item\":\"https:\/\/quattrosuites.gr\/de\/\"},{\"@type\":\"ListItem\",\"position\":2,\"name\":\"Entdecken\",\"item\":\"https:\/\/quattrosuites.gr\/de\/explore\/\"},{\"@type\":\"ListItem\",\"position\":3,\"name\":\"Str\u00e4nde\",\"item\":\"https:\/\/quattrosuites.gr\/de\/explore\/beaches\/\"},{\"@type\":\"ListItem\",\"position\":4,\"name\":\"Elafonissos Strand\"}]},{\"@type\":\"WebSite\",\"@id\":\"https:\/\/quattrosuites.gr\/#website\",\"url\":\"https:\/\/quattrosuites.gr\/\",\"name\":\"Quattro Suites\",\"description\":\"\",\"publisher\":{\"@id\":\"https:\/\/quattrosuites.gr\/#organization\"},\"potentialAction\":[{\"@type\":\"SearchAction\",\"target\":{\"@type\":\"EntryPoint\",\"urlTemplate\":\"https:\/\/quattrosuites.gr\/?s={search_term_string}\"},\"query-input\":{\"@type\":\"PropertyValueSpecification\",\"valueRequired\":true,\"valueName\":\"search_term_string\"}}],\"inLanguage\":\"de\"},{\"@type\":\"Organization\",\"@id\":\"https:\/\/quattrosuites.gr\/#organization\",\"name\":\"Quattro Suites\",\"url\":\"https:\/\/quattrosuites.gr\/\",\"logo\":{\"@type\":\"ImageObject\",\"inLanguage\":\"de\",\"@id\":\"https:\/\/quattrosuites.gr\/#\/schema\/logo\/image\/\",\"url\":\"https:\/\/quattrosuites.gr\/app\/uploads\/sites\/128\/2024\/10\/logo-opengraph-svg.png\",\"contentUrl\":\"https:\/\/quattrosuites.gr\/app\/uploads\/sites\/128\/2024\/10\/logo-opengraph-svg.png\",\"width\":173,\"height\":100,\"caption\":\"Quattro Suites\"},\"image\":{\"@id\":\"https:\/\/quattrosuites.gr\/#\/schema\/logo\/image\/\"}}]}<\/script>\n<!-- \/ Yoast SEO plugin. -->","yoast_head_json":{"title":"Elafonissos Strand - Quattro Suites","robots":{"index":"index","follow":"follow","max-snippet":"max-snippet:-1","max-image-preview":"max-image-preview:large","max-video-preview":"max-video-preview:-1"},"canonical":"https:\/\/quattrosuites.gr\/de\/explore\/beaches\/elafonissos-beach\/","og_locale":"de_DE","og_type":"article","og_title":"Elafonissos Strand - Quattro Suites","og_description":"W\u00e4hrend Ihres Aufenthalts in Monemvasia sollten Sie sich die Gelegenheit nicht entgehen lassen, Elafonissos zu besuchen. Diese atemberaubende Insel liegt nur 300 Meter vom Festland entfernt, etwa 35 km s\u00fcd\u00f6stlich der Quattro Suites. Stellen Sie sich feinsten wei\u00dfen Sand und t\u00fcrkisblaues Wasser entlang eines langen Strandabschnitts vor \u2013 ein sensationeller Ort mit tropischem Flair. Das","og_url":"https:\/\/quattrosuites.gr\/de\/explore\/beaches\/elafonissos-beach\/","og_site_name":"Quattro Suites","article_modified_time":"2025-06-28T10:25:36+00:00","og_image":[{"width":2560,"height":1929,"url":"https:\/\/quattrosuites.gr\/wp-content\/uploads\/2023\/04\/Elafonissos-Beach-scaled.jpg","type":"image\/jpeg"}],"twitter_card":"summary_large_image","twitter_misc":{"Gesch\u00e4tzte Lesezeit":"1\u00a0Minute"},"schema":{"@context":"https:\/\/schema.org","@graph":[{"@type":"WebPage","@id":"https:\/\/quattrosuites.gr\/de\/explore\/beaches\/elafonissos-beach\/","url":"https:\/\/quattrosuites.gr\/de\/explore\/beaches\/elafonissos-beach\/","name":"Elafonissos Strand - Quattro Suites","isPartOf":{"@id":"https:\/\/quattrosuites.gr\/#website"},"primaryImageOfPage":{"@id":"https:\/\/quattrosuites.gr\/de\/explore\/beaches\/elafonissos-beach\/#primaryimage"},"image":{"@id":"https:\/\/quattrosuites.gr\/de\/explore\/beaches\/elafonissos-beach\/#primaryimage"},"thumbnailUrl":"https:\/\/quattrosuites.gr\/wp-content\/uploads\/2023\/04\/Elafonissos-Beach-scaled.jpg","datePublished":"2023-04-02T20:33:00+00:00","dateModified":"2025-06-28T10:25:36+00:00","breadcrumb":{"@id":"https:\/\/quattrosuites.gr\/de\/explore\/beaches\/elafonissos-beach\/#breadcrumb"},"inLanguage":"de","potentialAction":[{"@type":"ReadAction","target":["https:\/\/quattrosuites.gr\/de\/explore\/beaches\/elafonissos-beach\/"]}]},{"@type":"ImageObject","inLanguage":"de","@id":"https:\/\/quattrosuites.gr\/de\/explore\/beaches\/elafonissos-beach\/#primaryimage","url":"https:\/\/quattrosuites.gr\/wp-content\/uploads\/2023\/04\/Elafonissos-Beach-scaled.jpg","contentUrl":"https:\/\/quattrosuites.gr\/wp-content\/uploads\/2023\/04\/Elafonissos-Beach-scaled.jpg","width":2560,"height":1929},{"@type":"BreadcrumbList","@id":"https:\/\/quattrosuites.gr\/de\/explore\/beaches\/elafonissos-beach\/#breadcrumb","itemListElement":[{"@type":"ListItem","position":1,"name":"Home","item":"https:\/\/quattrosuites.gr\/de\/"},{"@type":"ListItem","position":2,"name":"Entdecken","item":"https:\/\/quattrosuites.gr\/de\/explore\/"},{"@type":"ListItem","position":3,"name":"Str\u00e4nde","item":"https:\/\/quattrosuites.gr\/de\/explore\/beaches\/"},{"@type":"ListItem","position":4,"name":"Elafonissos Strand"}]},{"@type":"WebSite","@id":"https:\/\/quattrosuites.gr\/#website","url":"https:\/\/quattrosuites.gr\/","name":"Quattro Suites","description":"","publisher":{"@id":"https:\/\/quattrosuites.gr\/#organization"},"potentialAction":[{"@type":"SearchAction","target":{"@type":"EntryPoint","urlTemplate":"https:\/\/quattrosuites.gr\/?s={search_term_string}"},"query-input":{"@type":"PropertyValueSpecification","valueRequired":true,"valueName":"search_term_string"}}],"inLanguage":"de"},{"@type":"Organization","@id":"https:\/\/quattrosuites.gr\/#organization","name":"Quattro Suites","url":"https:\/\/quattrosuites.gr\/","logo":{"@type":"ImageObject","inLanguage":"de","@id":"https:\/\/quattrosuites.gr\/#\/schema\/logo\/image\/","url":"https:\/\/quattrosuites.gr\/app\/uploads\/sites\/128\/2024\/10\/logo-opengraph-svg.png","contentUrl":"https:\/\/quattrosuites.gr\/app\/uploads\/sites\/128\/2024\/10\/logo-opengraph-svg.png","width":173,"height":100,"caption":"Quattro Suites"},"image":{"@id":"https:\/\/quattrosuites.gr\/#\/schema\/logo\/image\/"}}]}},"_links":{"self":[{"href":"https:\/\/quattrosuites.gr\/de\/wp-json\/wp\/v2\/pages\/3086","targetHints":{"allow":["GET"]}}],"collection":[{"href":"https:\/\/quattrosuites.gr\/de\/wp-json\/wp\/v2\/pages"}],"about":[{"href":"https:\/\/quattrosuites.gr\/de\/wp-json\/wp\/v2\/types\/page"}],"author":[{"embeddable":true,"href":"https:\/\/quattrosuites.gr\/de\/wp-json\/wp\/v2\/users\/426"}],"replies":[{"embeddable":true,"href":"https:\/\/quattrosuites.gr\/de\/wp-json\/wp\/v2\/comments?post=3086"}],"version-history":[{"count":1,"href":"https:\/\/quattrosuites.gr\/de\/wp-json\/wp\/v2\/pages\/3086\/revisions"}],"predecessor-version":[{"id":3087,"href":"https:\/\/quattrosuites.gr\/de\/wp-json\/wp\/v2\/pages\/3086\/revisions\/3087"}],"up":[{"embeddable":true,"href":"https:\/\/quattrosuites.gr\/de\/wp-json\/wp\/v2\/pages\/3084"}],"wp:featuredmedia":[{"embeddable":true,"href":"https:\/\/quattrosuites.gr\/de\/wp-json\/wp\/v2\/media\/2203"}],"wp:attachment":[{"href":"https:\/\/quattrosuites.gr\/de\/wp-json\/wp\/v2\/media?parent=3086"}],"curies":[{"name":"wp","href":"https:\/\/api.w.org\/{rel}","templated":true}]}}