{"id":3091,"date":"2023-04-02T23:30:57","date_gmt":"2023-04-02T20:30:57","guid":{"rendered":"https:\/\/quattrosuites.gr\/explore\/gerakas-village\/"},"modified":"2025-06-28T13:34:14","modified_gmt":"2025-06-28T10:34:14","slug":"gerakas-village","status":"publish","type":"page","link":"https:\/\/quattrosuites.gr\/de\/explore\/gerakas-village\/","title":{"rendered":"Gerakas Dorf"},"content":{"rendered":"<p>Ein nat\u00fcrlicher, fjord\u00e4hnlicher K\u00fcstenort, der jeden Besucher verzaubert. Gerakas ist ein wundersch\u00f6nes Dorf, das Menschen sowohl von Land als auch von See anzieht. Seine ungew\u00f6hnliche Geomorphologie verleiht ihm einen besonderen Reiz, da es rund um eine schmale Meeresbucht gebaut ist, die von den sanften H\u00fcgeln des Parnon-Gebirges umgeben ist. Wir empfehlen, die Anreise per Boot, um den besonderen Wow-Effekt zu erleben, wenn Sie durch die Meerenge fahren. Alternativ ist auch die Fahrt mit dem Auto eine lohnenswerte Option. Der Hafenort, etwa 40 km von den Quattro Suites entfernt, ist ein lebendiger Ort mit Fisch-Tavernen, Caf\u00e9s, Restaurants und diversen Gesch\u00e4ften.<\/p>\n","protected":false},"excerpt":{"rendered":"<p>Ein nat\u00fcrlicher, fjord\u00e4hnlicher K\u00fcstenort, der jeden Besucher verzaubert. Gerakas ist ein wundersch\u00f6nes Dorf, das Menschen sowohl von Land als auch von See anzieht. Seine ungew\u00f6hnliche Geomorphologie verleiht ihm einen besonderen Reiz, da es rund um eine schmale Meeresbucht gebaut ist, die von den sanften H\u00fcgeln des Parnon-Gebirges umgeben ist. Wir empfehlen, die Anreise per Boot,<\/p>\n","protected":false},"author":426,"featured_media":2187,"parent":3082,"menu_order":0,"comment_status":"closed","ping_status":"closed","template":"","meta":{"_acf_changed":false,"footnotes":""},"class_list":["post-3091","page","type-page","status-publish","has-post-thumbnail","hentry"],"acf":[],"yoast_head":"<!-- This site is optimized with the Yoast SEO plugin v26.8 - https:\/\/yoast.com\/product\/yoast-seo-wordpress\/ -->\n<title>Gerakas Dorf - Quattro Suites<\/title>\n<meta name=\"robots\" content=\"index, follow, max-snippet:-1, max-image-preview:large, max-video-preview:-1\" \/>\n<link rel=\"canonical\" href=\"https:\/\/quattrosuites.gr\/de\/explore\/gerakas-village\/\" \/>\n<meta property=\"og:locale\" content=\"de_DE\" \/>\n<meta property=\"og:type\" content=\"article\" \/>\n<meta property=\"og:title\" content=\"Gerakas Dorf - Quattro Suites\" \/>\n<meta property=\"og:description\" content=\"Ein nat\u00fcrlicher, fjord\u00e4hnlicher K\u00fcstenort, der jeden Besucher verzaubert. Gerakas ist ein wundersch\u00f6nes Dorf, das Menschen sowohl von Land als auch von See anzieht. Seine ungew\u00f6hnliche Geomorphologie verleiht ihm einen besonderen Reiz, da es rund um eine schmale Meeresbucht gebaut ist, die von den sanften H\u00fcgeln des Parnon-Gebirges umgeben ist. Wir empfehlen, die Anreise per Boot,\" \/>\n<meta property=\"og:url\" content=\"https:\/\/quattrosuites.gr\/de\/explore\/gerakas-village\/\" \/>\n<meta property=\"og:site_name\" content=\"Quattro Suites\" \/>\n<meta property=\"article:modified_time\" content=\"2025-06-28T10:34:14+00:00\" \/>\n<meta property=\"og:image\" content=\"https:\/\/quattrosuites.gr\/wp-content\/uploads\/2023\/04\/Gerakas_Village.jpg\" \/>\n\t<meta property=\"og:image:width\" content=\"800\" \/>\n\t<meta property=\"og:image:height\" content=\"495\" \/>\n\t<meta property=\"og:image:type\" content=\"image\/jpeg\" \/>\n<meta name=\"twitter:card\" content=\"summary_large_image\" \/>\n<meta name=\"twitter:label1\" content=\"Gesch\u00e4tzte Lesezeit\" \/>\n\t<meta name=\"twitter:data1\" content=\"1\u00a0Minute\" \/>\n<script type=\"application\/ld+json\" class=\"yoast-schema-graph\">{\"@context\":\"https:\/\/schema.org\",\"@graph\":[{\"@type\":\"WebPage\",\"@id\":\"https:\/\/quattrosuites.gr\/de\/explore\/gerakas-village\/\",\"url\":\"https:\/\/quattrosuites.gr\/de\/explore\/gerakas-village\/\",\"name\":\"Gerakas Dorf - Quattro Suites\",\"isPartOf\":{\"@id\":\"https:\/\/quattrosuites.gr\/#website\"},\"primaryImageOfPage\":{\"@id\":\"https:\/\/quattrosuites.gr\/de\/explore\/gerakas-village\/#primaryimage\"},\"image\":{\"@id\":\"https:\/\/quattrosuites.gr\/de\/explore\/gerakas-village\/#primaryimage\"},\"thumbnailUrl\":\"https:\/\/quattrosuites.gr\/wp-content\/uploads\/2023\/04\/Gerakas_Village.jpg\",\"datePublished\":\"2023-04-02T20:30:57+00:00\",\"dateModified\":\"2025-06-28T10:34:14+00:00\",\"breadcrumb\":{\"@id\":\"https:\/\/quattrosuites.gr\/de\/explore\/gerakas-village\/#breadcrumb\"},\"inLanguage\":\"de\",\"potentialAction\":[{\"@type\":\"ReadAction\",\"target\":[\"https:\/\/quattrosuites.gr\/de\/explore\/gerakas-village\/\"]}]},{\"@type\":\"ImageObject\",\"inLanguage\":\"de\",\"@id\":\"https:\/\/quattrosuites.gr\/de\/explore\/gerakas-village\/#primaryimage\",\"url\":\"https:\/\/quattrosuites.gr\/wp-content\/uploads\/2023\/04\/Gerakas_Village.jpg\",\"contentUrl\":\"https:\/\/quattrosuites.gr\/wp-content\/uploads\/2023\/04\/Gerakas_Village.jpg\",\"width\":800,\"height\":495},{\"@type\":\"BreadcrumbList\",\"@id\":\"https:\/\/quattrosuites.gr\/de\/explore\/gerakas-village\/#breadcrumb\",\"itemListElement\":[{\"@type\":\"ListItem\",\"position\":1,\"name\":\"Home\",\"item\":\"https:\/\/quattrosuites.gr\/de\/\"},{\"@type\":\"ListItem\",\"position\":2,\"name\":\"Entdecken\",\"item\":\"https:\/\/quattrosuites.gr\/de\/explore\/\"},{\"@type\":\"ListItem\",\"position\":3,\"name\":\"Gerakas Dorf\"}]},{\"@type\":\"WebSite\",\"@id\":\"https:\/\/quattrosuites.gr\/#website\",\"url\":\"https:\/\/quattrosuites.gr\/\",\"name\":\"Quattro Suites\",\"description\":\"\",\"publisher\":{\"@id\":\"https:\/\/quattrosuites.gr\/#organization\"},\"potentialAction\":[{\"@type\":\"SearchAction\",\"target\":{\"@type\":\"EntryPoint\",\"urlTemplate\":\"https:\/\/quattrosuites.gr\/?s={search_term_string}\"},\"query-input\":{\"@type\":\"PropertyValueSpecification\",\"valueRequired\":true,\"valueName\":\"search_term_string\"}}],\"inLanguage\":\"de\"},{\"@type\":\"Organization\",\"@id\":\"https:\/\/quattrosuites.gr\/#organization\",\"name\":\"Quattro Suites\",\"url\":\"https:\/\/quattrosuites.gr\/\",\"logo\":{\"@type\":\"ImageObject\",\"inLanguage\":\"de\",\"@id\":\"https:\/\/quattrosuites.gr\/#\/schema\/logo\/image\/\",\"url\":\"https:\/\/quattrosuites.gr\/app\/uploads\/sites\/128\/2024\/10\/logo-opengraph-svg.png\",\"contentUrl\":\"https:\/\/quattrosuites.gr\/app\/uploads\/sites\/128\/2024\/10\/logo-opengraph-svg.png\",\"width\":173,\"height\":100,\"caption\":\"Quattro Suites\"},\"image\":{\"@id\":\"https:\/\/quattrosuites.gr\/#\/schema\/logo\/image\/\"}}]}<\/script>\n<!-- \/ Yoast SEO plugin. -->","yoast_head_json":{"title":"Gerakas Dorf - Quattro Suites","robots":{"index":"index","follow":"follow","max-snippet":"max-snippet:-1","max-image-preview":"max-image-preview:large","max-video-preview":"max-video-preview:-1"},"canonical":"https:\/\/quattrosuites.gr\/de\/explore\/gerakas-village\/","og_locale":"de_DE","og_type":"article","og_title":"Gerakas Dorf - Quattro Suites","og_description":"Ein nat\u00fcrlicher, fjord\u00e4hnlicher K\u00fcstenort, der jeden Besucher verzaubert. Gerakas ist ein wundersch\u00f6nes Dorf, das Menschen sowohl von Land als auch von See anzieht. Seine ungew\u00f6hnliche Geomorphologie verleiht ihm einen besonderen Reiz, da es rund um eine schmale Meeresbucht gebaut ist, die von den sanften H\u00fcgeln des Parnon-Gebirges umgeben ist. Wir empfehlen, die Anreise per Boot,","og_url":"https:\/\/quattrosuites.gr\/de\/explore\/gerakas-village\/","og_site_name":"Quattro Suites","article_modified_time":"2025-06-28T10:34:14+00:00","og_image":[{"width":800,"height":495,"url":"https:\/\/quattrosuites.gr\/wp-content\/uploads\/2023\/04\/Gerakas_Village.jpg","type":"image\/jpeg"}],"twitter_card":"summary_large_image","twitter_misc":{"Gesch\u00e4tzte Lesezeit":"1\u00a0Minute"},"schema":{"@context":"https:\/\/schema.org","@graph":[{"@type":"WebPage","@id":"https:\/\/quattrosuites.gr\/de\/explore\/gerakas-village\/","url":"https:\/\/quattrosuites.gr\/de\/explore\/gerakas-village\/","name":"Gerakas Dorf - Quattro Suites","isPartOf":{"@id":"https:\/\/quattrosuites.gr\/#website"},"primaryImageOfPage":{"@id":"https:\/\/quattrosuites.gr\/de\/explore\/gerakas-village\/#primaryimage"},"image":{"@id":"https:\/\/quattrosuites.gr\/de\/explore\/gerakas-village\/#primaryimage"},"thumbnailUrl":"https:\/\/quattrosuites.gr\/wp-content\/uploads\/2023\/04\/Gerakas_Village.jpg","datePublished":"2023-04-02T20:30:57+00:00","dateModified":"2025-06-28T10:34:14+00:00","breadcrumb":{"@id":"https:\/\/quattrosuites.gr\/de\/explore\/gerakas-village\/#breadcrumb"},"inLanguage":"de","potentialAction":[{"@type":"ReadAction","target":["https:\/\/quattrosuites.gr\/de\/explore\/gerakas-village\/"]}]},{"@type":"ImageObject","inLanguage":"de","@id":"https:\/\/quattrosuites.gr\/de\/explore\/gerakas-village\/#primaryimage","url":"https:\/\/quattrosuites.gr\/wp-content\/uploads\/2023\/04\/Gerakas_Village.jpg","contentUrl":"https:\/\/quattrosuites.gr\/wp-content\/uploads\/2023\/04\/Gerakas_Village.jpg","width":800,"height":495},{"@type":"BreadcrumbList","@id":"https:\/\/quattrosuites.gr\/de\/explore\/gerakas-village\/#breadcrumb","itemListElement":[{"@type":"ListItem","position":1,"name":"Home","item":"https:\/\/quattrosuites.gr\/de\/"},{"@type":"ListItem","position":2,"name":"Entdecken","item":"https:\/\/quattrosuites.gr\/de\/explore\/"},{"@type":"ListItem","position":3,"name":"Gerakas Dorf"}]},{"@type":"WebSite","@id":"https:\/\/quattrosuites.gr\/#website","url":"https:\/\/quattrosuites.gr\/","name":"Quattro Suites","description":"","publisher":{"@id":"https:\/\/quattrosuites.gr\/#organization"},"potentialAction":[{"@type":"SearchAction","target":{"@type":"EntryPoint","urlTemplate":"https:\/\/quattrosuites.gr\/?s={search_term_string}"},"query-input":{"@type":"PropertyValueSpecification","valueRequired":true,"valueName":"search_term_string"}}],"inLanguage":"de"},{"@type":"Organization","@id":"https:\/\/quattrosuites.gr\/#organization","name":"Quattro Suites","url":"https:\/\/quattrosuites.gr\/","logo":{"@type":"ImageObject","inLanguage":"de","@id":"https:\/\/quattrosuites.gr\/#\/schema\/logo\/image\/","url":"https:\/\/quattrosuites.gr\/app\/uploads\/sites\/128\/2024\/10\/logo-opengraph-svg.png","contentUrl":"https:\/\/quattrosuites.gr\/app\/uploads\/sites\/128\/2024\/10\/logo-opengraph-svg.png","width":173,"height":100,"caption":"Quattro Suites"},"image":{"@id":"https:\/\/quattrosuites.gr\/#\/schema\/logo\/image\/"}}]}},"_links":{"self":[{"href":"https:\/\/quattrosuites.gr\/de\/wp-json\/wp\/v2\/pages\/3091","targetHints":{"allow":["GET"]}}],"collection":[{"href":"https:\/\/quattrosuites.gr\/de\/wp-json\/wp\/v2\/pages"}],"about":[{"href":"https:\/\/quattrosuites.gr\/de\/wp-json\/wp\/v2\/types\/page"}],"author":[{"embeddable":true,"href":"https:\/\/quattrosuites.gr\/de\/wp-json\/wp\/v2\/users\/426"}],"replies":[{"embeddable":true,"href":"https:\/\/quattrosuites.gr\/de\/wp-json\/wp\/v2\/comments?post=3091"}],"version-history":[{"count":1,"href":"https:\/\/quattrosuites.gr\/de\/wp-json\/wp\/v2\/pages\/3091\/revisions"}],"predecessor-version":[{"id":3092,"href":"https:\/\/quattrosuites.gr\/de\/wp-json\/wp\/v2\/pages\/3091\/revisions\/3092"}],"up":[{"embeddable":true,"href":"https:\/\/quattrosuites.gr\/de\/wp-json\/wp\/v2\/pages\/3082"}],"wp:featuredmedia":[{"embeddable":true,"href":"https:\/\/quattrosuites.gr\/de\/wp-json\/wp\/v2\/media\/2187"}],"wp:attachment":[{"href":"https:\/\/quattrosuites.gr\/de\/wp-json\/wp\/v2\/media?parent=3091"}],"curies":[{"name":"wp","href":"https:\/\/api.w.org\/{rel}","templated":true}]}}