{"id":3093,"date":"2023-04-02T23:30:44","date_gmt":"2023-04-02T20:30:44","guid":{"rendered":"https:\/\/quattrosuites.gr\/explore\/kastanias-cave\/"},"modified":"2025-06-28T13:40:07","modified_gmt":"2025-06-28T10:40:07","slug":"kastanias-cave","status":"publish","type":"page","link":"https:\/\/quattrosuites.gr\/de\/explore\/kastanias-cave\/","title":{"rendered":"Kastanias H\u00f6hle"},"content":{"rendered":"<p>Bewundern Sie eine nat\u00fcrliche H\u00f6hle nahe der K\u00fcste auf der Ostseite von Monemvasia, die in den 1960er Jahren von der Familie entdeckt wurde, nach der sie benannt ist. Die H\u00f6hle ist mit beeindruckenden Stalaktiten und Stalagmiten geschm\u00fcckt und beheimatet mehrere Fledermausarten. Nur 50 m der insgesamt 500 m langen H\u00f6hle sind f\u00fcr die \u00d6ffentlichkeit zug\u00e4nglich, und Besucher k\u00f6nnen verschiedene Kammern und G\u00e4nge erkunden und die \u00fcber die Jahre entstandenen Naturwunder bewundern.<\/p>\n","protected":false},"excerpt":{"rendered":"<p>Bewundern Sie eine nat\u00fcrliche H\u00f6hle nahe der K\u00fcste auf der Ostseite von Monemvasia, die in den 1960er Jahren von der Familie entdeckt wurde, nach der sie benannt ist. Die H\u00f6hle ist mit beeindruckenden Stalaktiten und Stalagmiten geschm\u00fcckt und beheimatet mehrere Fledermausarten. Nur 50 m der insgesamt 500 m langen H\u00f6hle sind f\u00fcr die \u00d6ffentlichkeit zug\u00e4nglich,<\/p>\n","protected":false},"author":426,"featured_media":2163,"parent":3082,"menu_order":0,"comment_status":"closed","ping_status":"closed","template":"","meta":{"_acf_changed":false,"footnotes":""},"class_list":["post-3093","page","type-page","status-publish","has-post-thumbnail","hentry"],"acf":[],"yoast_head":"<!-- This site is optimized with the Yoast SEO plugin v26.8 - https:\/\/yoast.com\/product\/yoast-seo-wordpress\/ -->\n<title>Kastanias H\u00f6hle - Quattro Suites<\/title>\n<meta name=\"robots\" content=\"index, follow, max-snippet:-1, max-image-preview:large, max-video-preview:-1\" \/>\n<link rel=\"canonical\" href=\"https:\/\/quattrosuites.gr\/de\/explore\/kastanias-cave\/\" \/>\n<meta property=\"og:locale\" content=\"de_DE\" \/>\n<meta property=\"og:type\" content=\"article\" \/>\n<meta property=\"og:title\" content=\"Kastanias H\u00f6hle - Quattro Suites\" \/>\n<meta property=\"og:description\" content=\"Bewundern Sie eine nat\u00fcrliche H\u00f6hle nahe der K\u00fcste auf der Ostseite von Monemvasia, die in den 1960er Jahren von der Familie entdeckt wurde, nach der sie benannt ist. Die H\u00f6hle ist mit beeindruckenden Stalaktiten und Stalagmiten geschm\u00fcckt und beheimatet mehrere Fledermausarten. Nur 50 m der insgesamt 500 m langen H\u00f6hle sind f\u00fcr die \u00d6ffentlichkeit zug\u00e4nglich,\" \/>\n<meta property=\"og:url\" content=\"https:\/\/quattrosuites.gr\/de\/explore\/kastanias-cave\/\" \/>\n<meta property=\"og:site_name\" content=\"Quattro Suites\" \/>\n<meta property=\"article:modified_time\" content=\"2025-06-28T10:40:07+00:00\" \/>\n<meta property=\"og:image\" content=\"https:\/\/quattrosuites.gr\/wp-content\/uploads\/2023\/04\/Kastanias_Cave.jpg\" \/>\n\t<meta property=\"og:image:width\" content=\"1100\" \/>\n\t<meta property=\"og:image:height\" content=\"733\" \/>\n\t<meta property=\"og:image:type\" content=\"image\/jpeg\" \/>\n<meta name=\"twitter:card\" content=\"summary_large_image\" \/>\n<meta name=\"twitter:label1\" content=\"Gesch\u00e4tzte Lesezeit\" \/>\n\t<meta name=\"twitter:data1\" content=\"1\u00a0Minute\" \/>\n<script type=\"application\/ld+json\" class=\"yoast-schema-graph\">{\"@context\":\"https:\/\/schema.org\",\"@graph\":[{\"@type\":\"WebPage\",\"@id\":\"https:\/\/quattrosuites.gr\/de\/explore\/kastanias-cave\/\",\"url\":\"https:\/\/quattrosuites.gr\/de\/explore\/kastanias-cave\/\",\"name\":\"Kastanias H\u00f6hle - Quattro Suites\",\"isPartOf\":{\"@id\":\"https:\/\/quattrosuites.gr\/#website\"},\"primaryImageOfPage\":{\"@id\":\"https:\/\/quattrosuites.gr\/de\/explore\/kastanias-cave\/#primaryimage\"},\"image\":{\"@id\":\"https:\/\/quattrosuites.gr\/de\/explore\/kastanias-cave\/#primaryimage\"},\"thumbnailUrl\":\"https:\/\/quattrosuites.gr\/wp-content\/uploads\/2023\/04\/Kastanias_Cave.jpg\",\"datePublished\":\"2023-04-02T20:30:44+00:00\",\"dateModified\":\"2025-06-28T10:40:07+00:00\",\"breadcrumb\":{\"@id\":\"https:\/\/quattrosuites.gr\/de\/explore\/kastanias-cave\/#breadcrumb\"},\"inLanguage\":\"de\",\"potentialAction\":[{\"@type\":\"ReadAction\",\"target\":[\"https:\/\/quattrosuites.gr\/de\/explore\/kastanias-cave\/\"]}]},{\"@type\":\"ImageObject\",\"inLanguage\":\"de\",\"@id\":\"https:\/\/quattrosuites.gr\/de\/explore\/kastanias-cave\/#primaryimage\",\"url\":\"https:\/\/quattrosuites.gr\/wp-content\/uploads\/2023\/04\/Kastanias_Cave.jpg\",\"contentUrl\":\"https:\/\/quattrosuites.gr\/wp-content\/uploads\/2023\/04\/Kastanias_Cave.jpg\",\"width\":1100,\"height\":733},{\"@type\":\"BreadcrumbList\",\"@id\":\"https:\/\/quattrosuites.gr\/de\/explore\/kastanias-cave\/#breadcrumb\",\"itemListElement\":[{\"@type\":\"ListItem\",\"position\":1,\"name\":\"Home\",\"item\":\"https:\/\/quattrosuites.gr\/de\/\"},{\"@type\":\"ListItem\",\"position\":2,\"name\":\"Entdecken\",\"item\":\"https:\/\/quattrosuites.gr\/de\/explore\/\"},{\"@type\":\"ListItem\",\"position\":3,\"name\":\"Kastanias H\u00f6hle\"}]},{\"@type\":\"WebSite\",\"@id\":\"https:\/\/quattrosuites.gr\/#website\",\"url\":\"https:\/\/quattrosuites.gr\/\",\"name\":\"Quattro Suites\",\"description\":\"\",\"publisher\":{\"@id\":\"https:\/\/quattrosuites.gr\/#organization\"},\"potentialAction\":[{\"@type\":\"SearchAction\",\"target\":{\"@type\":\"EntryPoint\",\"urlTemplate\":\"https:\/\/quattrosuites.gr\/?s={search_term_string}\"},\"query-input\":{\"@type\":\"PropertyValueSpecification\",\"valueRequired\":true,\"valueName\":\"search_term_string\"}}],\"inLanguage\":\"de\"},{\"@type\":\"Organization\",\"@id\":\"https:\/\/quattrosuites.gr\/#organization\",\"name\":\"Quattro Suites\",\"url\":\"https:\/\/quattrosuites.gr\/\",\"logo\":{\"@type\":\"ImageObject\",\"inLanguage\":\"de\",\"@id\":\"https:\/\/quattrosuites.gr\/#\/schema\/logo\/image\/\",\"url\":\"https:\/\/quattrosuites.gr\/app\/uploads\/sites\/128\/2024\/10\/logo-opengraph-svg.png\",\"contentUrl\":\"https:\/\/quattrosuites.gr\/app\/uploads\/sites\/128\/2024\/10\/logo-opengraph-svg.png\",\"width\":173,\"height\":100,\"caption\":\"Quattro Suites\"},\"image\":{\"@id\":\"https:\/\/quattrosuites.gr\/#\/schema\/logo\/image\/\"}}]}<\/script>\n<!-- \/ Yoast SEO plugin. -->","yoast_head_json":{"title":"Kastanias H\u00f6hle - Quattro Suites","robots":{"index":"index","follow":"follow","max-snippet":"max-snippet:-1","max-image-preview":"max-image-preview:large","max-video-preview":"max-video-preview:-1"},"canonical":"https:\/\/quattrosuites.gr\/de\/explore\/kastanias-cave\/","og_locale":"de_DE","og_type":"article","og_title":"Kastanias H\u00f6hle - Quattro Suites","og_description":"Bewundern Sie eine nat\u00fcrliche H\u00f6hle nahe der K\u00fcste auf der Ostseite von Monemvasia, die in den 1960er Jahren von der Familie entdeckt wurde, nach der sie benannt ist. Die H\u00f6hle ist mit beeindruckenden Stalaktiten und Stalagmiten geschm\u00fcckt und beheimatet mehrere Fledermausarten. Nur 50 m der insgesamt 500 m langen H\u00f6hle sind f\u00fcr die \u00d6ffentlichkeit zug\u00e4nglich,","og_url":"https:\/\/quattrosuites.gr\/de\/explore\/kastanias-cave\/","og_site_name":"Quattro Suites","article_modified_time":"2025-06-28T10:40:07+00:00","og_image":[{"width":1100,"height":733,"url":"https:\/\/quattrosuites.gr\/wp-content\/uploads\/2023\/04\/Kastanias_Cave.jpg","type":"image\/jpeg"}],"twitter_card":"summary_large_image","twitter_misc":{"Gesch\u00e4tzte Lesezeit":"1\u00a0Minute"},"schema":{"@context":"https:\/\/schema.org","@graph":[{"@type":"WebPage","@id":"https:\/\/quattrosuites.gr\/de\/explore\/kastanias-cave\/","url":"https:\/\/quattrosuites.gr\/de\/explore\/kastanias-cave\/","name":"Kastanias H\u00f6hle - Quattro Suites","isPartOf":{"@id":"https:\/\/quattrosuites.gr\/#website"},"primaryImageOfPage":{"@id":"https:\/\/quattrosuites.gr\/de\/explore\/kastanias-cave\/#primaryimage"},"image":{"@id":"https:\/\/quattrosuites.gr\/de\/explore\/kastanias-cave\/#primaryimage"},"thumbnailUrl":"https:\/\/quattrosuites.gr\/wp-content\/uploads\/2023\/04\/Kastanias_Cave.jpg","datePublished":"2023-04-02T20:30:44+00:00","dateModified":"2025-06-28T10:40:07+00:00","breadcrumb":{"@id":"https:\/\/quattrosuites.gr\/de\/explore\/kastanias-cave\/#breadcrumb"},"inLanguage":"de","potentialAction":[{"@type":"ReadAction","target":["https:\/\/quattrosuites.gr\/de\/explore\/kastanias-cave\/"]}]},{"@type":"ImageObject","inLanguage":"de","@id":"https:\/\/quattrosuites.gr\/de\/explore\/kastanias-cave\/#primaryimage","url":"https:\/\/quattrosuites.gr\/wp-content\/uploads\/2023\/04\/Kastanias_Cave.jpg","contentUrl":"https:\/\/quattrosuites.gr\/wp-content\/uploads\/2023\/04\/Kastanias_Cave.jpg","width":1100,"height":733},{"@type":"BreadcrumbList","@id":"https:\/\/quattrosuites.gr\/de\/explore\/kastanias-cave\/#breadcrumb","itemListElement":[{"@type":"ListItem","position":1,"name":"Home","item":"https:\/\/quattrosuites.gr\/de\/"},{"@type":"ListItem","position":2,"name":"Entdecken","item":"https:\/\/quattrosuites.gr\/de\/explore\/"},{"@type":"ListItem","position":3,"name":"Kastanias H\u00f6hle"}]},{"@type":"WebSite","@id":"https:\/\/quattrosuites.gr\/#website","url":"https:\/\/quattrosuites.gr\/","name":"Quattro Suites","description":"","publisher":{"@id":"https:\/\/quattrosuites.gr\/#organization"},"potentialAction":[{"@type":"SearchAction","target":{"@type":"EntryPoint","urlTemplate":"https:\/\/quattrosuites.gr\/?s={search_term_string}"},"query-input":{"@type":"PropertyValueSpecification","valueRequired":true,"valueName":"search_term_string"}}],"inLanguage":"de"},{"@type":"Organization","@id":"https:\/\/quattrosuites.gr\/#organization","name":"Quattro Suites","url":"https:\/\/quattrosuites.gr\/","logo":{"@type":"ImageObject","inLanguage":"de","@id":"https:\/\/quattrosuites.gr\/#\/schema\/logo\/image\/","url":"https:\/\/quattrosuites.gr\/app\/uploads\/sites\/128\/2024\/10\/logo-opengraph-svg.png","contentUrl":"https:\/\/quattrosuites.gr\/app\/uploads\/sites\/128\/2024\/10\/logo-opengraph-svg.png","width":173,"height":100,"caption":"Quattro Suites"},"image":{"@id":"https:\/\/quattrosuites.gr\/#\/schema\/logo\/image\/"}}]}},"_links":{"self":[{"href":"https:\/\/quattrosuites.gr\/de\/wp-json\/wp\/v2\/pages\/3093","targetHints":{"allow":["GET"]}}],"collection":[{"href":"https:\/\/quattrosuites.gr\/de\/wp-json\/wp\/v2\/pages"}],"about":[{"href":"https:\/\/quattrosuites.gr\/de\/wp-json\/wp\/v2\/types\/page"}],"author":[{"embeddable":true,"href":"https:\/\/quattrosuites.gr\/de\/wp-json\/wp\/v2\/users\/426"}],"replies":[{"embeddable":true,"href":"https:\/\/quattrosuites.gr\/de\/wp-json\/wp\/v2\/comments?post=3093"}],"version-history":[{"count":1,"href":"https:\/\/quattrosuites.gr\/de\/wp-json\/wp\/v2\/pages\/3093\/revisions"}],"predecessor-version":[{"id":3094,"href":"https:\/\/quattrosuites.gr\/de\/wp-json\/wp\/v2\/pages\/3093\/revisions\/3094"}],"up":[{"embeddable":true,"href":"https:\/\/quattrosuites.gr\/de\/wp-json\/wp\/v2\/pages\/3082"}],"wp:featuredmedia":[{"embeddable":true,"href":"https:\/\/quattrosuites.gr\/de\/wp-json\/wp\/v2\/media\/2163"}],"wp:attachment":[{"href":"https:\/\/quattrosuites.gr\/de\/wp-json\/wp\/v2\/media?parent=3093"}],"curies":[{"name":"wp","href":"https:\/\/api.w.org\/{rel}","templated":true}]}}