{"id":3095,"date":"2023-04-02T23:30:30","date_gmt":"2023-04-02T20:30:30","guid":{"rendered":"https:\/\/quattrosuites.gr\/explore\/monemvasia-castle\/"},"modified":"2025-06-28T13:45:48","modified_gmt":"2025-06-28T10:45:48","slug":"monemvasia-castle","status":"publish","type":"page","link":"https:\/\/quattrosuites.gr\/de\/explore\/monemvasia-castle\/","title":{"rendered":"Monemvasia Schloss"},"content":{"rendered":"<p>Die weltber\u00fchmte Festungsstadt und das Schloss Monemvasia liegen nur 8 km von den Quattro Suites entfernt. Von hier aus genie\u00dfen Sie spektakul\u00e4re Ausblicke auf den legend\u00e4ren Felsen und das umliegende Meer. Monemvasia liegt auf einem steilen, felsigen Inselchen, das durch einen kurzen und schmalen Damm mit dem Festland verbunden ist. Hier verschmelzen Vergangenheit und Gegenwart zu einem einzigartigen Erlebnis. Die beeindruckenden mittelalterlichen Strukturen, byzantinischen Kapellen und charmanten kleinen L\u00e4den bilden ein faszinierendes Netz gut erhaltener historischer Geb\u00e4ude, von denen einige bis ins 6. Jahrhundert n. Chr. zur\u00fcckreichen.<\/p>\n","protected":false},"excerpt":{"rendered":"<p>Die weltber\u00fchmte Festungsstadt und das Schloss Monemvasia liegen nur 8 km von den Quattro Suites entfernt. Von hier aus genie\u00dfen Sie spektakul\u00e4re Ausblicke auf den legend\u00e4ren Felsen und das umliegende Meer. Monemvasia liegt auf einem steilen, felsigen Inselchen, das durch einen kurzen und schmalen Damm mit dem Festland verbunden ist. Hier verschmelzen Vergangenheit und Gegenwart<\/p>\n","protected":false},"author":426,"featured_media":2167,"parent":3082,"menu_order":0,"comment_status":"closed","ping_status":"closed","template":"","meta":{"_acf_changed":false,"footnotes":""},"class_list":["post-3095","page","type-page","status-publish","has-post-thumbnail","hentry"],"acf":[],"yoast_head":"<!-- This site is optimized with the Yoast SEO plugin v26.8 - https:\/\/yoast.com\/product\/yoast-seo-wordpress\/ -->\n<title>Monemvasia Schloss - Quattro Suites<\/title>\n<meta name=\"robots\" content=\"index, follow, max-snippet:-1, max-image-preview:large, max-video-preview:-1\" \/>\n<link rel=\"canonical\" href=\"https:\/\/quattrosuites.gr\/de\/explore\/monemvasia-castle\/\" \/>\n<meta property=\"og:locale\" content=\"de_DE\" \/>\n<meta property=\"og:type\" content=\"article\" \/>\n<meta property=\"og:title\" content=\"Monemvasia Schloss - Quattro Suites\" \/>\n<meta property=\"og:description\" content=\"Die weltber\u00fchmte Festungsstadt und das Schloss Monemvasia liegen nur 8 km von den Quattro Suites entfernt. Von hier aus genie\u00dfen Sie spektakul\u00e4re Ausblicke auf den legend\u00e4ren Felsen und das umliegende Meer. Monemvasia liegt auf einem steilen, felsigen Inselchen, das durch einen kurzen und schmalen Damm mit dem Festland verbunden ist. Hier verschmelzen Vergangenheit und Gegenwart\" \/>\n<meta property=\"og:url\" content=\"https:\/\/quattrosuites.gr\/de\/explore\/monemvasia-castle\/\" \/>\n<meta property=\"og:site_name\" content=\"Quattro Suites\" \/>\n<meta property=\"article:modified_time\" content=\"2025-06-28T10:45:48+00:00\" \/>\n<meta property=\"og:image\" content=\"https:\/\/quattrosuites.gr\/wp-content\/uploads\/2023\/04\/marios-kanellos-ciWMvWf9PnA-unsplash-scaled.jpg\" \/>\n\t<meta property=\"og:image:width\" content=\"1707\" \/>\n\t<meta property=\"og:image:height\" content=\"2560\" \/>\n\t<meta property=\"og:image:type\" content=\"image\/jpeg\" \/>\n<meta name=\"twitter:card\" content=\"summary_large_image\" \/>\n<meta name=\"twitter:label1\" content=\"Gesch\u00e4tzte Lesezeit\" \/>\n\t<meta name=\"twitter:data1\" content=\"1\u00a0Minute\" \/>\n<script type=\"application\/ld+json\" class=\"yoast-schema-graph\">{\"@context\":\"https:\/\/schema.org\",\"@graph\":[{\"@type\":\"WebPage\",\"@id\":\"https:\/\/quattrosuites.gr\/de\/explore\/monemvasia-castle\/\",\"url\":\"https:\/\/quattrosuites.gr\/de\/explore\/monemvasia-castle\/\",\"name\":\"Monemvasia Schloss - Quattro Suites\",\"isPartOf\":{\"@id\":\"https:\/\/quattrosuites.gr\/#website\"},\"primaryImageOfPage\":{\"@id\":\"https:\/\/quattrosuites.gr\/de\/explore\/monemvasia-castle\/#primaryimage\"},\"image\":{\"@id\":\"https:\/\/quattrosuites.gr\/de\/explore\/monemvasia-castle\/#primaryimage\"},\"thumbnailUrl\":\"https:\/\/quattrosuites.gr\/wp-content\/uploads\/2023\/04\/marios-kanellos-ciWMvWf9PnA-unsplash-scaled.jpg\",\"datePublished\":\"2023-04-02T20:30:30+00:00\",\"dateModified\":\"2025-06-28T10:45:48+00:00\",\"breadcrumb\":{\"@id\":\"https:\/\/quattrosuites.gr\/de\/explore\/monemvasia-castle\/#breadcrumb\"},\"inLanguage\":\"de\",\"potentialAction\":[{\"@type\":\"ReadAction\",\"target\":[\"https:\/\/quattrosuites.gr\/de\/explore\/monemvasia-castle\/\"]}]},{\"@type\":\"ImageObject\",\"inLanguage\":\"de\",\"@id\":\"https:\/\/quattrosuites.gr\/de\/explore\/monemvasia-castle\/#primaryimage\",\"url\":\"https:\/\/quattrosuites.gr\/wp-content\/uploads\/2023\/04\/marios-kanellos-ciWMvWf9PnA-unsplash-scaled.jpg\",\"contentUrl\":\"https:\/\/quattrosuites.gr\/wp-content\/uploads\/2023\/04\/marios-kanellos-ciWMvWf9PnA-unsplash-scaled.jpg\",\"width\":1707,\"height\":2560},{\"@type\":\"BreadcrumbList\",\"@id\":\"https:\/\/quattrosuites.gr\/de\/explore\/monemvasia-castle\/#breadcrumb\",\"itemListElement\":[{\"@type\":\"ListItem\",\"position\":1,\"name\":\"Home\",\"item\":\"https:\/\/quattrosuites.gr\/de\/\"},{\"@type\":\"ListItem\",\"position\":2,\"name\":\"Entdecken\",\"item\":\"https:\/\/quattrosuites.gr\/de\/explore\/\"},{\"@type\":\"ListItem\",\"position\":3,\"name\":\"Monemvasia Schloss\"}]},{\"@type\":\"WebSite\",\"@id\":\"https:\/\/quattrosuites.gr\/#website\",\"url\":\"https:\/\/quattrosuites.gr\/\",\"name\":\"Quattro Suites\",\"description\":\"\",\"publisher\":{\"@id\":\"https:\/\/quattrosuites.gr\/#organization\"},\"potentialAction\":[{\"@type\":\"SearchAction\",\"target\":{\"@type\":\"EntryPoint\",\"urlTemplate\":\"https:\/\/quattrosuites.gr\/?s={search_term_string}\"},\"query-input\":{\"@type\":\"PropertyValueSpecification\",\"valueRequired\":true,\"valueName\":\"search_term_string\"}}],\"inLanguage\":\"de\"},{\"@type\":\"Organization\",\"@id\":\"https:\/\/quattrosuites.gr\/#organization\",\"name\":\"Quattro Suites\",\"url\":\"https:\/\/quattrosuites.gr\/\",\"logo\":{\"@type\":\"ImageObject\",\"inLanguage\":\"de\",\"@id\":\"https:\/\/quattrosuites.gr\/#\/schema\/logo\/image\/\",\"url\":\"https:\/\/quattrosuites.gr\/app\/uploads\/sites\/128\/2024\/10\/logo-opengraph-svg.png\",\"contentUrl\":\"https:\/\/quattrosuites.gr\/app\/uploads\/sites\/128\/2024\/10\/logo-opengraph-svg.png\",\"width\":173,\"height\":100,\"caption\":\"Quattro Suites\"},\"image\":{\"@id\":\"https:\/\/quattrosuites.gr\/#\/schema\/logo\/image\/\"}}]}<\/script>\n<!-- \/ Yoast SEO plugin. -->","yoast_head_json":{"title":"Monemvasia Schloss - Quattro Suites","robots":{"index":"index","follow":"follow","max-snippet":"max-snippet:-1","max-image-preview":"max-image-preview:large","max-video-preview":"max-video-preview:-1"},"canonical":"https:\/\/quattrosuites.gr\/de\/explore\/monemvasia-castle\/","og_locale":"de_DE","og_type":"article","og_title":"Monemvasia Schloss - Quattro Suites","og_description":"Die weltber\u00fchmte Festungsstadt und das Schloss Monemvasia liegen nur 8 km von den Quattro Suites entfernt. Von hier aus genie\u00dfen Sie spektakul\u00e4re Ausblicke auf den legend\u00e4ren Felsen und das umliegende Meer. Monemvasia liegt auf einem steilen, felsigen Inselchen, das durch einen kurzen und schmalen Damm mit dem Festland verbunden ist. Hier verschmelzen Vergangenheit und Gegenwart","og_url":"https:\/\/quattrosuites.gr\/de\/explore\/monemvasia-castle\/","og_site_name":"Quattro Suites","article_modified_time":"2025-06-28T10:45:48+00:00","og_image":[{"width":1707,"height":2560,"url":"https:\/\/quattrosuites.gr\/wp-content\/uploads\/2023\/04\/marios-kanellos-ciWMvWf9PnA-unsplash-scaled.jpg","type":"image\/jpeg"}],"twitter_card":"summary_large_image","twitter_misc":{"Gesch\u00e4tzte Lesezeit":"1\u00a0Minute"},"schema":{"@context":"https:\/\/schema.org","@graph":[{"@type":"WebPage","@id":"https:\/\/quattrosuites.gr\/de\/explore\/monemvasia-castle\/","url":"https:\/\/quattrosuites.gr\/de\/explore\/monemvasia-castle\/","name":"Monemvasia Schloss - Quattro Suites","isPartOf":{"@id":"https:\/\/quattrosuites.gr\/#website"},"primaryImageOfPage":{"@id":"https:\/\/quattrosuites.gr\/de\/explore\/monemvasia-castle\/#primaryimage"},"image":{"@id":"https:\/\/quattrosuites.gr\/de\/explore\/monemvasia-castle\/#primaryimage"},"thumbnailUrl":"https:\/\/quattrosuites.gr\/wp-content\/uploads\/2023\/04\/marios-kanellos-ciWMvWf9PnA-unsplash-scaled.jpg","datePublished":"2023-04-02T20:30:30+00:00","dateModified":"2025-06-28T10:45:48+00:00","breadcrumb":{"@id":"https:\/\/quattrosuites.gr\/de\/explore\/monemvasia-castle\/#breadcrumb"},"inLanguage":"de","potentialAction":[{"@type":"ReadAction","target":["https:\/\/quattrosuites.gr\/de\/explore\/monemvasia-castle\/"]}]},{"@type":"ImageObject","inLanguage":"de","@id":"https:\/\/quattrosuites.gr\/de\/explore\/monemvasia-castle\/#primaryimage","url":"https:\/\/quattrosuites.gr\/wp-content\/uploads\/2023\/04\/marios-kanellos-ciWMvWf9PnA-unsplash-scaled.jpg","contentUrl":"https:\/\/quattrosuites.gr\/wp-content\/uploads\/2023\/04\/marios-kanellos-ciWMvWf9PnA-unsplash-scaled.jpg","width":1707,"height":2560},{"@type":"BreadcrumbList","@id":"https:\/\/quattrosuites.gr\/de\/explore\/monemvasia-castle\/#breadcrumb","itemListElement":[{"@type":"ListItem","position":1,"name":"Home","item":"https:\/\/quattrosuites.gr\/de\/"},{"@type":"ListItem","position":2,"name":"Entdecken","item":"https:\/\/quattrosuites.gr\/de\/explore\/"},{"@type":"ListItem","position":3,"name":"Monemvasia Schloss"}]},{"@type":"WebSite","@id":"https:\/\/quattrosuites.gr\/#website","url":"https:\/\/quattrosuites.gr\/","name":"Quattro Suites","description":"","publisher":{"@id":"https:\/\/quattrosuites.gr\/#organization"},"potentialAction":[{"@type":"SearchAction","target":{"@type":"EntryPoint","urlTemplate":"https:\/\/quattrosuites.gr\/?s={search_term_string}"},"query-input":{"@type":"PropertyValueSpecification","valueRequired":true,"valueName":"search_term_string"}}],"inLanguage":"de"},{"@type":"Organization","@id":"https:\/\/quattrosuites.gr\/#organization","name":"Quattro Suites","url":"https:\/\/quattrosuites.gr\/","logo":{"@type":"ImageObject","inLanguage":"de","@id":"https:\/\/quattrosuites.gr\/#\/schema\/logo\/image\/","url":"https:\/\/quattrosuites.gr\/app\/uploads\/sites\/128\/2024\/10\/logo-opengraph-svg.png","contentUrl":"https:\/\/quattrosuites.gr\/app\/uploads\/sites\/128\/2024\/10\/logo-opengraph-svg.png","width":173,"height":100,"caption":"Quattro Suites"},"image":{"@id":"https:\/\/quattrosuites.gr\/#\/schema\/logo\/image\/"}}]}},"_links":{"self":[{"href":"https:\/\/quattrosuites.gr\/de\/wp-json\/wp\/v2\/pages\/3095","targetHints":{"allow":["GET"]}}],"collection":[{"href":"https:\/\/quattrosuites.gr\/de\/wp-json\/wp\/v2\/pages"}],"about":[{"href":"https:\/\/quattrosuites.gr\/de\/wp-json\/wp\/v2\/types\/page"}],"author":[{"embeddable":true,"href":"https:\/\/quattrosuites.gr\/de\/wp-json\/wp\/v2\/users\/426"}],"replies":[{"embeddable":true,"href":"https:\/\/quattrosuites.gr\/de\/wp-json\/wp\/v2\/comments?post=3095"}],"version-history":[{"count":1,"href":"https:\/\/quattrosuites.gr\/de\/wp-json\/wp\/v2\/pages\/3095\/revisions"}],"predecessor-version":[{"id":3096,"href":"https:\/\/quattrosuites.gr\/de\/wp-json\/wp\/v2\/pages\/3095\/revisions\/3096"}],"up":[{"embeddable":true,"href":"https:\/\/quattrosuites.gr\/de\/wp-json\/wp\/v2\/pages\/3082"}],"wp:featuredmedia":[{"embeddable":true,"href":"https:\/\/quattrosuites.gr\/de\/wp-json\/wp\/v2\/media\/2167"}],"wp:attachment":[{"href":"https:\/\/quattrosuites.gr\/de\/wp-json\/wp\/v2\/media?parent=3095"}],"curies":[{"name":"wp","href":"https:\/\/api.w.org\/{rel}","templated":true}]}}