{"id":3097,"date":"2023-04-02T23:31:03","date_gmt":"2023-04-02T20:31:03","guid":{"rendered":"https:\/\/quattrosuites.gr\/explore\/pavlopetri-submerged-city\/"},"modified":"2025-06-28T13:48:34","modified_gmt":"2025-06-28T10:48:34","slug":"pavlopetri-submerged-city","status":"publish","type":"page","link":"https:\/\/quattrosuites.gr\/de\/explore\/pavlopetri-submerged-city\/","title":{"rendered":"Pavlopetri Unterwasserstadt"},"content":{"rendered":"<p>Staunen Sie \u00fcber eine der \u00e4ltesten versunkenen St\u00e4dte der Welt, die bis in die Bronzezeit, etwa 3.500 Jahre, zur\u00fcckreicht. Pavlopetri wurde 1967 von dem britischen Arch\u00e4ologen Nicholas Flemming entdeckt, der ungew\u00f6hnliche Linienmuster auf Luftbildern des Meeresbodens bemerkte. Diese faszinierende Entdeckung offenbarte die \u00dcberreste eines Netzwerks aus antiken Geb\u00e4uden, Stra\u00dfen und Gr\u00e4bern in einer Tiefe von 3\u20134 m unter der Meeresoberfl\u00e4che.<\/p>\n","protected":false},"excerpt":{"rendered":"<p>Staunen Sie \u00fcber eine der \u00e4ltesten versunkenen St\u00e4dte der Welt, die bis in die Bronzezeit, etwa 3.500 Jahre, zur\u00fcckreicht. Pavlopetri wurde 1967 von dem britischen Arch\u00e4ologen Nicholas Flemming entdeckt, der ungew\u00f6hnliche Linienmuster auf Luftbildern des Meeresbodens bemerkte. Diese faszinierende Entdeckung offenbarte die \u00dcberreste eines Netzwerks aus antiken Geb\u00e4uden, Stra\u00dfen und Gr\u00e4bern in einer Tiefe von<\/p>\n","protected":false},"author":426,"featured_media":2211,"parent":3082,"menu_order":0,"comment_status":"closed","ping_status":"closed","template":"","meta":{"_acf_changed":false,"footnotes":""},"class_list":["post-3097","page","type-page","status-publish","has-post-thumbnail","hentry"],"acf":[],"yoast_head":"<!-- This site is optimized with the Yoast SEO plugin v26.8 - https:\/\/yoast.com\/product\/yoast-seo-wordpress\/ -->\n<title>Pavlopetri Unterwasserstadt - Quattro Suites<\/title>\n<meta name=\"robots\" content=\"index, follow, max-snippet:-1, max-image-preview:large, max-video-preview:-1\" \/>\n<link rel=\"canonical\" href=\"https:\/\/quattrosuites.gr\/de\/explore\/pavlopetri-submerged-city\/\" \/>\n<meta property=\"og:locale\" content=\"de_DE\" \/>\n<meta property=\"og:type\" content=\"article\" \/>\n<meta property=\"og:title\" content=\"Pavlopetri Unterwasserstadt - Quattro Suites\" \/>\n<meta property=\"og:description\" content=\"Staunen Sie \u00fcber eine der \u00e4ltesten versunkenen St\u00e4dte der Welt, die bis in die Bronzezeit, etwa 3.500 Jahre, zur\u00fcckreicht. Pavlopetri wurde 1967 von dem britischen Arch\u00e4ologen Nicholas Flemming entdeckt, der ungew\u00f6hnliche Linienmuster auf Luftbildern des Meeresbodens bemerkte. Diese faszinierende Entdeckung offenbarte die \u00dcberreste eines Netzwerks aus antiken Geb\u00e4uden, Stra\u00dfen und Gr\u00e4bern in einer Tiefe von\" \/>\n<meta property=\"og:url\" content=\"https:\/\/quattrosuites.gr\/de\/explore\/pavlopetri-submerged-city\/\" \/>\n<meta property=\"og:site_name\" content=\"Quattro Suites\" \/>\n<meta property=\"article:modified_time\" content=\"2025-06-28T10:48:34+00:00\" \/>\n<meta property=\"og:image\" content=\"https:\/\/quattrosuites.gr\/wp-content\/uploads\/2023\/04\/Pavlopetri-Submerged-City.jpg\" \/>\n\t<meta property=\"og:image:width\" content=\"700\" \/>\n\t<meta property=\"og:image:height\" content=\"468\" \/>\n\t<meta property=\"og:image:type\" content=\"image\/jpeg\" \/>\n<meta name=\"twitter:card\" content=\"summary_large_image\" \/>\n<meta name=\"twitter:label1\" content=\"Gesch\u00e4tzte Lesezeit\" \/>\n\t<meta name=\"twitter:data1\" content=\"1\u00a0Minute\" \/>\n<script type=\"application\/ld+json\" class=\"yoast-schema-graph\">{\"@context\":\"https:\/\/schema.org\",\"@graph\":[{\"@type\":\"WebPage\",\"@id\":\"https:\/\/quattrosuites.gr\/de\/explore\/pavlopetri-submerged-city\/\",\"url\":\"https:\/\/quattrosuites.gr\/de\/explore\/pavlopetri-submerged-city\/\",\"name\":\"Pavlopetri Unterwasserstadt - Quattro Suites\",\"isPartOf\":{\"@id\":\"https:\/\/quattrosuites.gr\/#website\"},\"primaryImageOfPage\":{\"@id\":\"https:\/\/quattrosuites.gr\/de\/explore\/pavlopetri-submerged-city\/#primaryimage\"},\"image\":{\"@id\":\"https:\/\/quattrosuites.gr\/de\/explore\/pavlopetri-submerged-city\/#primaryimage\"},\"thumbnailUrl\":\"https:\/\/quattrosuites.gr\/wp-content\/uploads\/2023\/04\/Pavlopetri-Submerged-City.jpg\",\"datePublished\":\"2023-04-02T20:31:03+00:00\",\"dateModified\":\"2025-06-28T10:48:34+00:00\",\"breadcrumb\":{\"@id\":\"https:\/\/quattrosuites.gr\/de\/explore\/pavlopetri-submerged-city\/#breadcrumb\"},\"inLanguage\":\"de\",\"potentialAction\":[{\"@type\":\"ReadAction\",\"target\":[\"https:\/\/quattrosuites.gr\/de\/explore\/pavlopetri-submerged-city\/\"]}]},{\"@type\":\"ImageObject\",\"inLanguage\":\"de\",\"@id\":\"https:\/\/quattrosuites.gr\/de\/explore\/pavlopetri-submerged-city\/#primaryimage\",\"url\":\"https:\/\/quattrosuites.gr\/wp-content\/uploads\/2023\/04\/Pavlopetri-Submerged-City.jpg\",\"contentUrl\":\"https:\/\/quattrosuites.gr\/wp-content\/uploads\/2023\/04\/Pavlopetri-Submerged-City.jpg\",\"width\":700,\"height\":468},{\"@type\":\"BreadcrumbList\",\"@id\":\"https:\/\/quattrosuites.gr\/de\/explore\/pavlopetri-submerged-city\/#breadcrumb\",\"itemListElement\":[{\"@type\":\"ListItem\",\"position\":1,\"name\":\"Home\",\"item\":\"https:\/\/quattrosuites.gr\/de\/\"},{\"@type\":\"ListItem\",\"position\":2,\"name\":\"Entdecken\",\"item\":\"https:\/\/quattrosuites.gr\/de\/explore\/\"},{\"@type\":\"ListItem\",\"position\":3,\"name\":\"Pavlopetri Unterwasserstadt\"}]},{\"@type\":\"WebSite\",\"@id\":\"https:\/\/quattrosuites.gr\/#website\",\"url\":\"https:\/\/quattrosuites.gr\/\",\"name\":\"Quattro Suites\",\"description\":\"\",\"publisher\":{\"@id\":\"https:\/\/quattrosuites.gr\/#organization\"},\"potentialAction\":[{\"@type\":\"SearchAction\",\"target\":{\"@type\":\"EntryPoint\",\"urlTemplate\":\"https:\/\/quattrosuites.gr\/?s={search_term_string}\"},\"query-input\":{\"@type\":\"PropertyValueSpecification\",\"valueRequired\":true,\"valueName\":\"search_term_string\"}}],\"inLanguage\":\"de\"},{\"@type\":\"Organization\",\"@id\":\"https:\/\/quattrosuites.gr\/#organization\",\"name\":\"Quattro Suites\",\"url\":\"https:\/\/quattrosuites.gr\/\",\"logo\":{\"@type\":\"ImageObject\",\"inLanguage\":\"de\",\"@id\":\"https:\/\/quattrosuites.gr\/#\/schema\/logo\/image\/\",\"url\":\"https:\/\/quattrosuites.gr\/app\/uploads\/sites\/128\/2024\/10\/logo-opengraph-svg.png\",\"contentUrl\":\"https:\/\/quattrosuites.gr\/app\/uploads\/sites\/128\/2024\/10\/logo-opengraph-svg.png\",\"width\":173,\"height\":100,\"caption\":\"Quattro Suites\"},\"image\":{\"@id\":\"https:\/\/quattrosuites.gr\/#\/schema\/logo\/image\/\"}}]}<\/script>\n<!-- \/ Yoast SEO plugin. -->","yoast_head_json":{"title":"Pavlopetri Unterwasserstadt - Quattro Suites","robots":{"index":"index","follow":"follow","max-snippet":"max-snippet:-1","max-image-preview":"max-image-preview:large","max-video-preview":"max-video-preview:-1"},"canonical":"https:\/\/quattrosuites.gr\/de\/explore\/pavlopetri-submerged-city\/","og_locale":"de_DE","og_type":"article","og_title":"Pavlopetri Unterwasserstadt - Quattro Suites","og_description":"Staunen Sie \u00fcber eine der \u00e4ltesten versunkenen St\u00e4dte der Welt, die bis in die Bronzezeit, etwa 3.500 Jahre, zur\u00fcckreicht. Pavlopetri wurde 1967 von dem britischen Arch\u00e4ologen Nicholas Flemming entdeckt, der ungew\u00f6hnliche Linienmuster auf Luftbildern des Meeresbodens bemerkte. Diese faszinierende Entdeckung offenbarte die \u00dcberreste eines Netzwerks aus antiken Geb\u00e4uden, Stra\u00dfen und Gr\u00e4bern in einer Tiefe von","og_url":"https:\/\/quattrosuites.gr\/de\/explore\/pavlopetri-submerged-city\/","og_site_name":"Quattro Suites","article_modified_time":"2025-06-28T10:48:34+00:00","og_image":[{"width":700,"height":468,"url":"https:\/\/quattrosuites.gr\/wp-content\/uploads\/2023\/04\/Pavlopetri-Submerged-City.jpg","type":"image\/jpeg"}],"twitter_card":"summary_large_image","twitter_misc":{"Gesch\u00e4tzte Lesezeit":"1\u00a0Minute"},"schema":{"@context":"https:\/\/schema.org","@graph":[{"@type":"WebPage","@id":"https:\/\/quattrosuites.gr\/de\/explore\/pavlopetri-submerged-city\/","url":"https:\/\/quattrosuites.gr\/de\/explore\/pavlopetri-submerged-city\/","name":"Pavlopetri Unterwasserstadt - Quattro Suites","isPartOf":{"@id":"https:\/\/quattrosuites.gr\/#website"},"primaryImageOfPage":{"@id":"https:\/\/quattrosuites.gr\/de\/explore\/pavlopetri-submerged-city\/#primaryimage"},"image":{"@id":"https:\/\/quattrosuites.gr\/de\/explore\/pavlopetri-submerged-city\/#primaryimage"},"thumbnailUrl":"https:\/\/quattrosuites.gr\/wp-content\/uploads\/2023\/04\/Pavlopetri-Submerged-City.jpg","datePublished":"2023-04-02T20:31:03+00:00","dateModified":"2025-06-28T10:48:34+00:00","breadcrumb":{"@id":"https:\/\/quattrosuites.gr\/de\/explore\/pavlopetri-submerged-city\/#breadcrumb"},"inLanguage":"de","potentialAction":[{"@type":"ReadAction","target":["https:\/\/quattrosuites.gr\/de\/explore\/pavlopetri-submerged-city\/"]}]},{"@type":"ImageObject","inLanguage":"de","@id":"https:\/\/quattrosuites.gr\/de\/explore\/pavlopetri-submerged-city\/#primaryimage","url":"https:\/\/quattrosuites.gr\/wp-content\/uploads\/2023\/04\/Pavlopetri-Submerged-City.jpg","contentUrl":"https:\/\/quattrosuites.gr\/wp-content\/uploads\/2023\/04\/Pavlopetri-Submerged-City.jpg","width":700,"height":468},{"@type":"BreadcrumbList","@id":"https:\/\/quattrosuites.gr\/de\/explore\/pavlopetri-submerged-city\/#breadcrumb","itemListElement":[{"@type":"ListItem","position":1,"name":"Home","item":"https:\/\/quattrosuites.gr\/de\/"},{"@type":"ListItem","position":2,"name":"Entdecken","item":"https:\/\/quattrosuites.gr\/de\/explore\/"},{"@type":"ListItem","position":3,"name":"Pavlopetri Unterwasserstadt"}]},{"@type":"WebSite","@id":"https:\/\/quattrosuites.gr\/#website","url":"https:\/\/quattrosuites.gr\/","name":"Quattro Suites","description":"","publisher":{"@id":"https:\/\/quattrosuites.gr\/#organization"},"potentialAction":[{"@type":"SearchAction","target":{"@type":"EntryPoint","urlTemplate":"https:\/\/quattrosuites.gr\/?s={search_term_string}"},"query-input":{"@type":"PropertyValueSpecification","valueRequired":true,"valueName":"search_term_string"}}],"inLanguage":"de"},{"@type":"Organization","@id":"https:\/\/quattrosuites.gr\/#organization","name":"Quattro Suites","url":"https:\/\/quattrosuites.gr\/","logo":{"@type":"ImageObject","inLanguage":"de","@id":"https:\/\/quattrosuites.gr\/#\/schema\/logo\/image\/","url":"https:\/\/quattrosuites.gr\/app\/uploads\/sites\/128\/2024\/10\/logo-opengraph-svg.png","contentUrl":"https:\/\/quattrosuites.gr\/app\/uploads\/sites\/128\/2024\/10\/logo-opengraph-svg.png","width":173,"height":100,"caption":"Quattro Suites"},"image":{"@id":"https:\/\/quattrosuites.gr\/#\/schema\/logo\/image\/"}}]}},"_links":{"self":[{"href":"https:\/\/quattrosuites.gr\/de\/wp-json\/wp\/v2\/pages\/3097","targetHints":{"allow":["GET"]}}],"collection":[{"href":"https:\/\/quattrosuites.gr\/de\/wp-json\/wp\/v2\/pages"}],"about":[{"href":"https:\/\/quattrosuites.gr\/de\/wp-json\/wp\/v2\/types\/page"}],"author":[{"embeddable":true,"href":"https:\/\/quattrosuites.gr\/de\/wp-json\/wp\/v2\/users\/426"}],"replies":[{"embeddable":true,"href":"https:\/\/quattrosuites.gr\/de\/wp-json\/wp\/v2\/comments?post=3097"}],"version-history":[{"count":1,"href":"https:\/\/quattrosuites.gr\/de\/wp-json\/wp\/v2\/pages\/3097\/revisions"}],"predecessor-version":[{"id":3098,"href":"https:\/\/quattrosuites.gr\/de\/wp-json\/wp\/v2\/pages\/3097\/revisions\/3098"}],"up":[{"embeddable":true,"href":"https:\/\/quattrosuites.gr\/de\/wp-json\/wp\/v2\/pages\/3082"}],"wp:featuredmedia":[{"embeddable":true,"href":"https:\/\/quattrosuites.gr\/de\/wp-json\/wp\/v2\/media\/2211"}],"wp:attachment":[{"href":"https:\/\/quattrosuites.gr\/de\/wp-json\/wp\/v2\/media?parent=3097"}],"curies":[{"name":"wp","href":"https:\/\/api.w.org\/{rel}","templated":true}]}}