{"id":3099,"date":"2023-04-02T23:30:50","date_gmt":"2023-04-02T20:30:50","guid":{"rendered":"https:\/\/quattrosuites.gr\/explore\/petrified-forest\/"},"modified":"2025-06-28T13:49:57","modified_gmt":"2025-06-28T10:49:57","slug":"petrified-forest","status":"publish","type":"page","link":"https:\/\/quattrosuites.gr\/de\/explore\/petrified-forest\/","title":{"rendered":"Versteinerter Wald"},"content":{"rendered":"<p>Ein weiteres Naturwunder von Monemvasia, das Sie sprachlos lassen wird. Der versteinerte Wald, etwa 50 km von den Quattro Suites entfernt, ist ein arch\u00e4ologischer Geopark, der zum Netzwerk der europ\u00e4ischen Geoparks geh\u00f6rt. Die versteinerten Kalkstein-Fossilien, die in der K\u00fcstenregion von Agios Nikolaos bis zu den Siedlungen Agia Marina, Korakas und Spitha zu finden sind, sind ein Zeugnis der urzeitlichen Lebensformen dieser Region. Entdecken Sie dieses Freilichtmuseum mit Millionen Jahre alten nat\u00fcrlichen Exponaten und schwimmen Sie im kristallklaren Wasser, das die K\u00fcstenlinie umsp\u00fclt.<\/p>\n","protected":false},"excerpt":{"rendered":"<p>Ein weiteres Naturwunder von Monemvasia, das Sie sprachlos lassen wird. Der versteinerte Wald, etwa 50 km von den Quattro Suites entfernt, ist ein arch\u00e4ologischer Geopark, der zum Netzwerk der europ\u00e4ischen Geoparks geh\u00f6rt. Die versteinerten Kalkstein-Fossilien, die in der K\u00fcstenregion von Agios Nikolaos bis zu den Siedlungen Agia Marina, Korakas und Spitha zu finden sind, sind<\/p>\n","protected":false},"author":426,"featured_media":2199,"parent":3082,"menu_order":0,"comment_status":"closed","ping_status":"closed","template":"","meta":{"_acf_changed":false,"footnotes":""},"class_list":["post-3099","page","type-page","status-publish","has-post-thumbnail","hentry"],"acf":[],"yoast_head":"<!-- This site is optimized with the Yoast SEO plugin v26.8 - https:\/\/yoast.com\/product\/yoast-seo-wordpress\/ -->\n<title>Versteinerter Wald - Quattro Suites<\/title>\n<meta name=\"robots\" content=\"index, follow, max-snippet:-1, max-image-preview:large, max-video-preview:-1\" \/>\n<link rel=\"canonical\" href=\"https:\/\/quattrosuites.gr\/de\/explore\/petrified-forest\/\" \/>\n<meta property=\"og:locale\" content=\"de_DE\" \/>\n<meta property=\"og:type\" content=\"article\" \/>\n<meta property=\"og:title\" content=\"Versteinerter Wald - Quattro Suites\" \/>\n<meta property=\"og:description\" content=\"Ein weiteres Naturwunder von Monemvasia, das Sie sprachlos lassen wird. Der versteinerte Wald, etwa 50 km von den Quattro Suites entfernt, ist ein arch\u00e4ologischer Geopark, der zum Netzwerk der europ\u00e4ischen Geoparks geh\u00f6rt. Die versteinerten Kalkstein-Fossilien, die in der K\u00fcstenregion von Agios Nikolaos bis zu den Siedlungen Agia Marina, Korakas und Spitha zu finden sind, sind\" \/>\n<meta property=\"og:url\" content=\"https:\/\/quattrosuites.gr\/de\/explore\/petrified-forest\/\" \/>\n<meta property=\"og:site_name\" content=\"Quattro Suites\" \/>\n<meta property=\"article:modified_time\" content=\"2025-06-28T10:49:57+00:00\" \/>\n<meta property=\"og:image\" content=\"https:\/\/quattrosuites.gr\/wp-content\/uploads\/2023\/04\/PetrifiedForest.jpg\" \/>\n\t<meta property=\"og:image:width\" content=\"800\" \/>\n\t<meta property=\"og:image:height\" content=\"531\" \/>\n\t<meta property=\"og:image:type\" content=\"image\/jpeg\" \/>\n<meta name=\"twitter:card\" content=\"summary_large_image\" \/>\n<meta name=\"twitter:label1\" content=\"Gesch\u00e4tzte Lesezeit\" \/>\n\t<meta name=\"twitter:data1\" content=\"1\u00a0Minute\" \/>\n<script type=\"application\/ld+json\" class=\"yoast-schema-graph\">{\"@context\":\"https:\/\/schema.org\",\"@graph\":[{\"@type\":\"WebPage\",\"@id\":\"https:\/\/quattrosuites.gr\/de\/explore\/petrified-forest\/\",\"url\":\"https:\/\/quattrosuites.gr\/de\/explore\/petrified-forest\/\",\"name\":\"Versteinerter Wald - Quattro Suites\",\"isPartOf\":{\"@id\":\"https:\/\/quattrosuites.gr\/#website\"},\"primaryImageOfPage\":{\"@id\":\"https:\/\/quattrosuites.gr\/de\/explore\/petrified-forest\/#primaryimage\"},\"image\":{\"@id\":\"https:\/\/quattrosuites.gr\/de\/explore\/petrified-forest\/#primaryimage\"},\"thumbnailUrl\":\"https:\/\/quattrosuites.gr\/wp-content\/uploads\/2023\/04\/PetrifiedForest.jpg\",\"datePublished\":\"2023-04-02T20:30:50+00:00\",\"dateModified\":\"2025-06-28T10:49:57+00:00\",\"breadcrumb\":{\"@id\":\"https:\/\/quattrosuites.gr\/de\/explore\/petrified-forest\/#breadcrumb\"},\"inLanguage\":\"de\",\"potentialAction\":[{\"@type\":\"ReadAction\",\"target\":[\"https:\/\/quattrosuites.gr\/de\/explore\/petrified-forest\/\"]}]},{\"@type\":\"ImageObject\",\"inLanguage\":\"de\",\"@id\":\"https:\/\/quattrosuites.gr\/de\/explore\/petrified-forest\/#primaryimage\",\"url\":\"https:\/\/quattrosuites.gr\/wp-content\/uploads\/2023\/04\/PetrifiedForest.jpg\",\"contentUrl\":\"https:\/\/quattrosuites.gr\/wp-content\/uploads\/2023\/04\/PetrifiedForest.jpg\",\"width\":800,\"height\":531},{\"@type\":\"BreadcrumbList\",\"@id\":\"https:\/\/quattrosuites.gr\/de\/explore\/petrified-forest\/#breadcrumb\",\"itemListElement\":[{\"@type\":\"ListItem\",\"position\":1,\"name\":\"Home\",\"item\":\"https:\/\/quattrosuites.gr\/de\/\"},{\"@type\":\"ListItem\",\"position\":2,\"name\":\"Entdecken\",\"item\":\"https:\/\/quattrosuites.gr\/de\/explore\/\"},{\"@type\":\"ListItem\",\"position\":3,\"name\":\"Versteinerter Wald\"}]},{\"@type\":\"WebSite\",\"@id\":\"https:\/\/quattrosuites.gr\/#website\",\"url\":\"https:\/\/quattrosuites.gr\/\",\"name\":\"Quattro Suites\",\"description\":\"\",\"publisher\":{\"@id\":\"https:\/\/quattrosuites.gr\/#organization\"},\"potentialAction\":[{\"@type\":\"SearchAction\",\"target\":{\"@type\":\"EntryPoint\",\"urlTemplate\":\"https:\/\/quattrosuites.gr\/?s={search_term_string}\"},\"query-input\":{\"@type\":\"PropertyValueSpecification\",\"valueRequired\":true,\"valueName\":\"search_term_string\"}}],\"inLanguage\":\"de\"},{\"@type\":\"Organization\",\"@id\":\"https:\/\/quattrosuites.gr\/#organization\",\"name\":\"Quattro Suites\",\"url\":\"https:\/\/quattrosuites.gr\/\",\"logo\":{\"@type\":\"ImageObject\",\"inLanguage\":\"de\",\"@id\":\"https:\/\/quattrosuites.gr\/#\/schema\/logo\/image\/\",\"url\":\"https:\/\/quattrosuites.gr\/app\/uploads\/sites\/128\/2024\/10\/logo-opengraph-svg.png\",\"contentUrl\":\"https:\/\/quattrosuites.gr\/app\/uploads\/sites\/128\/2024\/10\/logo-opengraph-svg.png\",\"width\":173,\"height\":100,\"caption\":\"Quattro Suites\"},\"image\":{\"@id\":\"https:\/\/quattrosuites.gr\/#\/schema\/logo\/image\/\"}}]}<\/script>\n<!-- \/ Yoast SEO plugin. -->","yoast_head_json":{"title":"Versteinerter Wald - Quattro Suites","robots":{"index":"index","follow":"follow","max-snippet":"max-snippet:-1","max-image-preview":"max-image-preview:large","max-video-preview":"max-video-preview:-1"},"canonical":"https:\/\/quattrosuites.gr\/de\/explore\/petrified-forest\/","og_locale":"de_DE","og_type":"article","og_title":"Versteinerter Wald - Quattro Suites","og_description":"Ein weiteres Naturwunder von Monemvasia, das Sie sprachlos lassen wird. Der versteinerte Wald, etwa 50 km von den Quattro Suites entfernt, ist ein arch\u00e4ologischer Geopark, der zum Netzwerk der europ\u00e4ischen Geoparks geh\u00f6rt. Die versteinerten Kalkstein-Fossilien, die in der K\u00fcstenregion von Agios Nikolaos bis zu den Siedlungen Agia Marina, Korakas und Spitha zu finden sind, sind","og_url":"https:\/\/quattrosuites.gr\/de\/explore\/petrified-forest\/","og_site_name":"Quattro Suites","article_modified_time":"2025-06-28T10:49:57+00:00","og_image":[{"width":800,"height":531,"url":"https:\/\/quattrosuites.gr\/wp-content\/uploads\/2023\/04\/PetrifiedForest.jpg","type":"image\/jpeg"}],"twitter_card":"summary_large_image","twitter_misc":{"Gesch\u00e4tzte Lesezeit":"1\u00a0Minute"},"schema":{"@context":"https:\/\/schema.org","@graph":[{"@type":"WebPage","@id":"https:\/\/quattrosuites.gr\/de\/explore\/petrified-forest\/","url":"https:\/\/quattrosuites.gr\/de\/explore\/petrified-forest\/","name":"Versteinerter Wald - Quattro Suites","isPartOf":{"@id":"https:\/\/quattrosuites.gr\/#website"},"primaryImageOfPage":{"@id":"https:\/\/quattrosuites.gr\/de\/explore\/petrified-forest\/#primaryimage"},"image":{"@id":"https:\/\/quattrosuites.gr\/de\/explore\/petrified-forest\/#primaryimage"},"thumbnailUrl":"https:\/\/quattrosuites.gr\/wp-content\/uploads\/2023\/04\/PetrifiedForest.jpg","datePublished":"2023-04-02T20:30:50+00:00","dateModified":"2025-06-28T10:49:57+00:00","breadcrumb":{"@id":"https:\/\/quattrosuites.gr\/de\/explore\/petrified-forest\/#breadcrumb"},"inLanguage":"de","potentialAction":[{"@type":"ReadAction","target":["https:\/\/quattrosuites.gr\/de\/explore\/petrified-forest\/"]}]},{"@type":"ImageObject","inLanguage":"de","@id":"https:\/\/quattrosuites.gr\/de\/explore\/petrified-forest\/#primaryimage","url":"https:\/\/quattrosuites.gr\/wp-content\/uploads\/2023\/04\/PetrifiedForest.jpg","contentUrl":"https:\/\/quattrosuites.gr\/wp-content\/uploads\/2023\/04\/PetrifiedForest.jpg","width":800,"height":531},{"@type":"BreadcrumbList","@id":"https:\/\/quattrosuites.gr\/de\/explore\/petrified-forest\/#breadcrumb","itemListElement":[{"@type":"ListItem","position":1,"name":"Home","item":"https:\/\/quattrosuites.gr\/de\/"},{"@type":"ListItem","position":2,"name":"Entdecken","item":"https:\/\/quattrosuites.gr\/de\/explore\/"},{"@type":"ListItem","position":3,"name":"Versteinerter Wald"}]},{"@type":"WebSite","@id":"https:\/\/quattrosuites.gr\/#website","url":"https:\/\/quattrosuites.gr\/","name":"Quattro Suites","description":"","publisher":{"@id":"https:\/\/quattrosuites.gr\/#organization"},"potentialAction":[{"@type":"SearchAction","target":{"@type":"EntryPoint","urlTemplate":"https:\/\/quattrosuites.gr\/?s={search_term_string}"},"query-input":{"@type":"PropertyValueSpecification","valueRequired":true,"valueName":"search_term_string"}}],"inLanguage":"de"},{"@type":"Organization","@id":"https:\/\/quattrosuites.gr\/#organization","name":"Quattro Suites","url":"https:\/\/quattrosuites.gr\/","logo":{"@type":"ImageObject","inLanguage":"de","@id":"https:\/\/quattrosuites.gr\/#\/schema\/logo\/image\/","url":"https:\/\/quattrosuites.gr\/app\/uploads\/sites\/128\/2024\/10\/logo-opengraph-svg.png","contentUrl":"https:\/\/quattrosuites.gr\/app\/uploads\/sites\/128\/2024\/10\/logo-opengraph-svg.png","width":173,"height":100,"caption":"Quattro Suites"},"image":{"@id":"https:\/\/quattrosuites.gr\/#\/schema\/logo\/image\/"}}]}},"_links":{"self":[{"href":"https:\/\/quattrosuites.gr\/de\/wp-json\/wp\/v2\/pages\/3099","targetHints":{"allow":["GET"]}}],"collection":[{"href":"https:\/\/quattrosuites.gr\/de\/wp-json\/wp\/v2\/pages"}],"about":[{"href":"https:\/\/quattrosuites.gr\/de\/wp-json\/wp\/v2\/types\/page"}],"author":[{"embeddable":true,"href":"https:\/\/quattrosuites.gr\/de\/wp-json\/wp\/v2\/users\/426"}],"replies":[{"embeddable":true,"href":"https:\/\/quattrosuites.gr\/de\/wp-json\/wp\/v2\/comments?post=3099"}],"version-history":[{"count":1,"href":"https:\/\/quattrosuites.gr\/de\/wp-json\/wp\/v2\/pages\/3099\/revisions"}],"predecessor-version":[{"id":3100,"href":"https:\/\/quattrosuites.gr\/de\/wp-json\/wp\/v2\/pages\/3099\/revisions\/3100"}],"up":[{"embeddable":true,"href":"https:\/\/quattrosuites.gr\/de\/wp-json\/wp\/v2\/pages\/3082"}],"wp:featuredmedia":[{"embeddable":true,"href":"https:\/\/quattrosuites.gr\/de\/wp-json\/wp\/v2\/media\/2199"}],"wp:attachment":[{"href":"https:\/\/quattrosuites.gr\/de\/wp-json\/wp\/v2\/media?parent=3099"}],"curies":[{"name":"wp","href":"https:\/\/api.w.org\/{rel}","templated":true}]}}