{"id":3107,"date":"2020-10-14T10:32:02","date_gmt":"2020-10-14T07:32:02","guid":{"rendered":"https:\/\/quattrosuites.gr\/home\/"},"modified":"2025-06-28T13:59:07","modified_gmt":"2025-06-28T10:59:07","slug":"home","status":"publish","type":"page","link":"https:\/\/quattrosuites.gr\/de\/","title":{"rendered":"Startseite"},"content":{"rendered":"<p>Quattro Suites in Monemvasia ist ein minimalistisches, boho-chic Versteck f\u00fcr den modernen Reisenden. In der K\u00fcstenregion Xifias gelegen, bietet es einen legend\u00e4ren Ausblick auf den Felsen und die Burgstadt Monemvasia. Die Anlage ist ein moderner R\u00fcckzugsort f\u00fcr Paare und l\u00e4dt dazu ein, die herrliche Aussicht, die ruhige Atmosph\u00e4re und das gesunde Essen zu genie\u00dfen. Quattro Suites ist der perfekte Ort, um die Zeit entspannt zu verbringen -sei es am Pool oder am nahegelegenen Strand- und sich an k\u00f6stlichen, nahrhaften Speisen zu erfreuen. Gleichzeitig dient es als idealer Ausgangspunkt, um die faszinierendsten Sehensw\u00fcrdigkeiten des Peloponnes mit dem Auto zu erkunden. Bringen Sie Ihre entspannteste Stimmung mit, um in die unbeschwerte Atmosph\u00e4re und den diskreten Service einzutauchen, und verwandeln Sie unbeschwerte Momente in unvergessliche Erinnerungen.<\/p>\n","protected":false},"excerpt":{"rendered":"<p>Quattro Suites in Monemvasia ist ein minimalistisches, boho-chic Versteck f\u00fcr den modernen Reisenden. In der K\u00fcstenregion Xifias gelegen, bietet es einen legend\u00e4ren Ausblick auf den Felsen und die Burgstadt Monemvasia. Die Anlage ist ein moderner R\u00fcckzugsort f\u00fcr Paare und l\u00e4dt dazu ein, die herrliche Aussicht, die ruhige Atmosph\u00e4re und das gesunde Essen zu genie\u00dfen. Quattro<\/p>\n","protected":false},"author":426,"featured_media":0,"parent":0,"menu_order":0,"comment_status":"closed","ping_status":"closed","template":"","meta":{"_acf_changed":false,"footnotes":""},"class_list":["post-3107","page","type-page","status-publish","hentry"],"acf":[],"yoast_head":"<!-- This site is optimized with the Yoast SEO plugin v26.8 - https:\/\/yoast.com\/product\/yoast-seo-wordpress\/ -->\n<title>Elegant Seaview Hotel in Monemvasia with Castle Backdrop | Quattro Suites<\/title>\n<meta name=\"description\" content=\"A serene hotel in Monemvasia offering refined minimalism, panoramic sea and castle views, and a sleek outdoor pool for sophisticated relaxation.\" \/>\n<meta name=\"robots\" content=\"index, follow, max-snippet:-1, max-image-preview:large, max-video-preview:-1\" \/>\n<link rel=\"canonical\" href=\"https:\/\/quattrosuites.gr\/de\/\" \/>\n<meta property=\"og:locale\" content=\"de_DE\" \/>\n<meta property=\"og:type\" content=\"article\" \/>\n<meta property=\"og:title\" content=\"Elegant Seaview Hotel in Monemvasia with Castle Backdrop | Quattro Suites\" \/>\n<meta property=\"og:description\" content=\"A serene hotel in Monemvasia offering refined minimalism, panoramic sea and castle views, and a sleek outdoor pool for sophisticated relaxation.\" \/>\n<meta property=\"og:url\" content=\"https:\/\/quattrosuites.gr\/de\/\" \/>\n<meta property=\"og:site_name\" content=\"Quattro Suites\" \/>\n<meta property=\"article:modified_time\" content=\"2025-06-28T10:59:07+00:00\" \/>\n<meta name=\"twitter:card\" content=\"summary_large_image\" \/>\n<meta name=\"twitter:label1\" content=\"Gesch\u00e4tzte Lesezeit\" \/>\n\t<meta name=\"twitter:data1\" content=\"1\u00a0Minute\" \/>\n<script type=\"application\/ld+json\" class=\"yoast-schema-graph\">{\"@context\":\"https:\/\/schema.org\",\"@graph\":[{\"@type\":\"WebPage\",\"@id\":\"https:\/\/quattrosuites.gr\/de\/\",\"url\":\"https:\/\/quattrosuites.gr\/de\/\",\"name\":\"Elegant Seaview Hotel in Monemvasia with Castle Backdrop | Quattro Suites\",\"isPartOf\":{\"@id\":\"https:\/\/quattrosuites.gr\/#website\"},\"datePublished\":\"2020-10-14T07:32:02+00:00\",\"dateModified\":\"2025-06-28T10:59:07+00:00\",\"description\":\"A serene hotel in Monemvasia offering refined minimalism, panoramic sea and castle views, and a sleek outdoor pool for sophisticated relaxation.\",\"breadcrumb\":{\"@id\":\"https:\/\/quattrosuites.gr\/de\/#breadcrumb\"},\"inLanguage\":\"de\",\"potentialAction\":[{\"@type\":\"ReadAction\",\"target\":[\"https:\/\/quattrosuites.gr\/de\/\"]}]},{\"@type\":\"BreadcrumbList\",\"@id\":\"https:\/\/quattrosuites.gr\/de\/#breadcrumb\",\"itemListElement\":[{\"@type\":\"ListItem\",\"position\":1,\"name\":\"Home\",\"item\":\"https:\/\/quattrosuites.gr\/de\/\"},{\"@type\":\"ListItem\",\"position\":2,\"name\":\"Startseite\"}]},{\"@type\":\"WebSite\",\"@id\":\"https:\/\/quattrosuites.gr\/#website\",\"url\":\"https:\/\/quattrosuites.gr\/\",\"name\":\"Quattro Suites\",\"description\":\"\",\"publisher\":{\"@id\":\"https:\/\/quattrosuites.gr\/#organization\"},\"potentialAction\":[{\"@type\":\"SearchAction\",\"target\":{\"@type\":\"EntryPoint\",\"urlTemplate\":\"https:\/\/quattrosuites.gr\/?s={search_term_string}\"},\"query-input\":{\"@type\":\"PropertyValueSpecification\",\"valueRequired\":true,\"valueName\":\"search_term_string\"}}],\"inLanguage\":\"de\"},{\"@type\":\"Organization\",\"@id\":\"https:\/\/quattrosuites.gr\/#organization\",\"name\":\"Quattro Suites\",\"url\":\"https:\/\/quattrosuites.gr\/\",\"logo\":{\"@type\":\"ImageObject\",\"inLanguage\":\"de\",\"@id\":\"https:\/\/quattrosuites.gr\/#\/schema\/logo\/image\/\",\"url\":\"https:\/\/quattrosuites.gr\/app\/uploads\/sites\/128\/2024\/10\/logo-opengraph-svg.png\",\"contentUrl\":\"https:\/\/quattrosuites.gr\/app\/uploads\/sites\/128\/2024\/10\/logo-opengraph-svg.png\",\"width\":173,\"height\":100,\"caption\":\"Quattro Suites\"},\"image\":{\"@id\":\"https:\/\/quattrosuites.gr\/#\/schema\/logo\/image\/\"}}]}<\/script>\n<!-- \/ Yoast SEO plugin. -->","yoast_head_json":{"title":"Elegant Seaview Hotel in Monemvasia with Castle Backdrop | Quattro Suites","description":"A serene hotel in Monemvasia offering refined minimalism, panoramic sea and castle views, and a sleek outdoor pool for sophisticated relaxation.","robots":{"index":"index","follow":"follow","max-snippet":"max-snippet:-1","max-image-preview":"max-image-preview:large","max-video-preview":"max-video-preview:-1"},"canonical":"https:\/\/quattrosuites.gr\/de\/","og_locale":"de_DE","og_type":"article","og_title":"Elegant Seaview Hotel in Monemvasia with Castle Backdrop | Quattro Suites","og_description":"A serene hotel in Monemvasia offering refined minimalism, panoramic sea and castle views, and a sleek outdoor pool for sophisticated relaxation.","og_url":"https:\/\/quattrosuites.gr\/de\/","og_site_name":"Quattro Suites","article_modified_time":"2025-06-28T10:59:07+00:00","twitter_card":"summary_large_image","twitter_misc":{"Gesch\u00e4tzte Lesezeit":"1\u00a0Minute"},"schema":{"@context":"https:\/\/schema.org","@graph":[{"@type":"WebPage","@id":"https:\/\/quattrosuites.gr\/de\/","url":"https:\/\/quattrosuites.gr\/de\/","name":"Elegant Seaview Hotel in Monemvasia with Castle Backdrop | Quattro Suites","isPartOf":{"@id":"https:\/\/quattrosuites.gr\/#website"},"datePublished":"2020-10-14T07:32:02+00:00","dateModified":"2025-06-28T10:59:07+00:00","description":"A serene hotel in Monemvasia offering refined minimalism, panoramic sea and castle views, and a sleek outdoor pool for sophisticated relaxation.","breadcrumb":{"@id":"https:\/\/quattrosuites.gr\/de\/#breadcrumb"},"inLanguage":"de","potentialAction":[{"@type":"ReadAction","target":["https:\/\/quattrosuites.gr\/de\/"]}]},{"@type":"BreadcrumbList","@id":"https:\/\/quattrosuites.gr\/de\/#breadcrumb","itemListElement":[{"@type":"ListItem","position":1,"name":"Home","item":"https:\/\/quattrosuites.gr\/de\/"},{"@type":"ListItem","position":2,"name":"Startseite"}]},{"@type":"WebSite","@id":"https:\/\/quattrosuites.gr\/#website","url":"https:\/\/quattrosuites.gr\/","name":"Quattro Suites","description":"","publisher":{"@id":"https:\/\/quattrosuites.gr\/#organization"},"potentialAction":[{"@type":"SearchAction","target":{"@type":"EntryPoint","urlTemplate":"https:\/\/quattrosuites.gr\/?s={search_term_string}"},"query-input":{"@type":"PropertyValueSpecification","valueRequired":true,"valueName":"search_term_string"}}],"inLanguage":"de"},{"@type":"Organization","@id":"https:\/\/quattrosuites.gr\/#organization","name":"Quattro Suites","url":"https:\/\/quattrosuites.gr\/","logo":{"@type":"ImageObject","inLanguage":"de","@id":"https:\/\/quattrosuites.gr\/#\/schema\/logo\/image\/","url":"https:\/\/quattrosuites.gr\/app\/uploads\/sites\/128\/2024\/10\/logo-opengraph-svg.png","contentUrl":"https:\/\/quattrosuites.gr\/app\/uploads\/sites\/128\/2024\/10\/logo-opengraph-svg.png","width":173,"height":100,"caption":"Quattro Suites"},"image":{"@id":"https:\/\/quattrosuites.gr\/#\/schema\/logo\/image\/"}}]}},"_links":{"self":[{"href":"https:\/\/quattrosuites.gr\/de\/wp-json\/wp\/v2\/pages\/3107","targetHints":{"allow":["GET"]}}],"collection":[{"href":"https:\/\/quattrosuites.gr\/de\/wp-json\/wp\/v2\/pages"}],"about":[{"href":"https:\/\/quattrosuites.gr\/de\/wp-json\/wp\/v2\/types\/page"}],"author":[{"embeddable":true,"href":"https:\/\/quattrosuites.gr\/de\/wp-json\/wp\/v2\/users\/426"}],"replies":[{"embeddable":true,"href":"https:\/\/quattrosuites.gr\/de\/wp-json\/wp\/v2\/comments?post=3107"}],"version-history":[{"count":2,"href":"https:\/\/quattrosuites.gr\/de\/wp-json\/wp\/v2\/pages\/3107\/revisions"}],"predecessor-version":[{"id":3109,"href":"https:\/\/quattrosuites.gr\/de\/wp-json\/wp\/v2\/pages\/3107\/revisions\/3109"}],"wp:attachment":[{"href":"https:\/\/quattrosuites.gr\/de\/wp-json\/wp\/v2\/media?parent=3107"}],"curies":[{"name":"wp","href":"https:\/\/api.w.org\/{rel}","templated":true}]}}